{"id":837,"date":"2024-06-04T19:35:01","date_gmt":"2024-06-04T19:35:01","guid":{"rendered":"https:\/\/abialegal.com\/?page_id=837"},"modified":"2024-10-16T18:23:43","modified_gmt":"2024-10-16T18:23:43","slug":"privacidad","status":"publish","type":"page","link":"https:\/\/abialegal.com\/en\/privacidad\/","title":{"rendered":"Privacy"},"content":{"rendered":"\n<h2 class=\"wp-block-heading\"><strong>Pol\u00edtica de privacidad web Abia Legal<\/strong><\/h2>\n\n\n\n<p>La presente pol\u00edtica de privacidad de la p\u00e1gina web de Abia Legal, S.L.P. (en lo sucesivo, la \u201c<strong>P\u00e1gina Web<\/strong>\u201d) facilita al usuario la informaci\u00f3n sobre el tratamiento que Abia Legal, S.L.P. efectuar\u00e1 de sus datos de car\u00e1cter personal en tal condici\u00f3n.<\/p>\n\n\n\n<p>Adicionalmente, la presente pol\u00edtica de privacidad de la P\u00e1gina Web tiene por objeto facilitar a los usuarios de la P\u00e1gina Web los derechos que, en su condici\u00f3n de tales, les reconoce el <a href=\"https:\/\/eur-lex.europa.eu\/legal-content\/ES\/AUTO\/?uri=celex:32016R0679\" target=\"_blank\" rel=\"noopener\">Reglamento (UE) 2016\/679 del Parlamento Europeo y del Consejo de 27 de abril de 2016, relativo a la protecci\u00f3n de las personas f\u00edsicas en lo que respecta al tratamiento de datos personales y a la libre circulaci\u00f3n de estos datos<\/a> (en lo sucesivo, el \u201c<strong>RGPD<\/strong>\u201d).<\/p>\n\n\n\n<p>Si tiene cualquier duda relativa al tratamiento de sus datos de car\u00e1cter personal, puede contactar con Abia Legal en la direcci\u00f3n info@abialegal.com.&nbsp;<\/p>\n\n\n\n<ol class=\"wp-block-list\">\n<li>Responsable del tratamiento de los datos<\/li>\n<\/ol>\n\n\n\n<p>Abia Legal, S.L.P., sociedad domiciliada en calle Jorge Juan, 35, 1\u00ba, 28001, Madrid, con N\u00famero de Identificaci\u00f3n Fiscal B-70932918 y direcci\u00f3n de correo electr\u00f3nico info@abialegal.com (en lo sucesivo, \u201c<strong>Abia Legal<\/strong>\u201d) es el responsable del tratamiento de sus datos de car\u00e1cter personal.<\/p>\n\n\n\n<ol start=\"2\" class=\"wp-block-list\">\n<li>Descripci\u00f3n de la pol\u00edtica de privacidad de la P\u00e1gina Web<\/li>\n<\/ol>\n\n\n\n<p>En la presente pol\u00edtica de privacidad se indican los diferentes tratamientos de datos efectuados por Abia Legal y, adicionalmente:<\/p>\n\n\n\n<ol class=\"wp-block-list\">\n<li>La finalidad del tratamiento de los datos de car\u00e1cter personal.<\/li>\n<\/ol>\n\n\n\n<ol start=\"2\" class=\"wp-block-list\">\n<li>Las bases legales del tratamiento de los datos de car\u00e1cter personal en relaci\u00f3n con las finalidades indicadas.<\/li>\n<\/ol>\n\n\n\n<ol start=\"3\" class=\"wp-block-list\">\n<li>La posible comunicaci\u00f3n de los datos de car\u00e1cter personal a terceros, as\u00ed como la causa de dicha comunicaci\u00f3n.<\/li>\n<\/ol>\n\n\n\n<p>Abia Legal no ceder\u00e1 los datos de car\u00e1cter personal a ning\u00fan tercero salvo que exista una obligaci\u00f3n legal o el consentimiento previo de su titular.&nbsp;<\/p>\n\n\n\n<p>No obstante, podr\u00e1n tener acceso a los datos de car\u00e1cter personal los encargados del tratamiento de Abia Legal; esto es, los profesionales o los prestadores de servicios que tengan que acceder a los datos de car\u00e1cter personal para el desarrollo de sus funciones o la prestaci\u00f3n de servicios a los clientes de Abia Legal.<\/p>\n\n\n\n<ol start=\"4\" class=\"wp-block-list\">\n<li>La existencia, en su caso, de transferencias internacionales de datos de car\u00e1cter personal.<\/li>\n<\/ol>\n\n\n\n<ol start=\"5\" class=\"wp-block-list\">\n<li>El plazo de conservaci\u00f3n de los datos de car\u00e1cter personal que nos sean facilitados. Se deja expresa constancia de que los datos de car\u00e1cter personal permanecer\u00e1n bloqueados para la atenci\u00f3n de reclamaciones judiciales, administrativas o fiscales durante los plazos que resulten de la legislaci\u00f3n aplicable.<\/li>\n<\/ol>\n\n\n\n<ol start=\"3\" class=\"wp-block-list\">\n<li>Tratamientos de datos de car\u00e1cter personal efectuados por Abia Legal<\/li>\n<\/ol>\n\n\n\n<p>El tratamiento de los datos de car\u00e1cter personal facilitados en la P\u00e1gina Web es necesario para las siguientes finalidades:<\/p>\n\n\n\n<ol class=\"wp-block-list\">\n<li>La gesti\u00f3n de las consultas remitidas a Abia Legal a trav\u00e9s del formulario disponible en la P\u00e1gina Web.<\/li>\n<\/ol>\n\n\n\n<ol start=\"2\" class=\"wp-block-list\">\n<li>El cumplimiento de la normativa que resulte de aplicaci\u00f3n en cada momento, incluyendo las disposiciones contenidas en la Ley 10\/2010, de 28 de abril, de prevenci\u00f3n del blanqueo de capitales y de la financiaci\u00f3n del terrorismo y su normativa de desarrollo.<\/li>\n<\/ol>\n\n\n\n<ol start=\"3\" class=\"wp-block-list\">\n<li>La gesti\u00f3n de procesos de selecci\u00f3n de personal para Abia Legal en los que el titular de los datos de car\u00e1cter personal sea candidato a un empleo.<\/li>\n<\/ol>\n\n\n\n<p>La base legal que justifica el tratamiento de los datos de car\u00e1cter personal es la necesidad del mismo para el cumplimiento de las finalidades anteriores y las obligaciones legales que puedan resultar. No facilitarlos supone imposibilitar la consecuci\u00f3n de los fines anteriores.<\/p>\n\n\n\n<p>Las categor\u00edas de destinatarios que podr\u00e1n acceder a los datos de car\u00e1cter personal son aqu\u00e9llos que se indican en el Apartado 2 (iii) anterior.<\/p>\n\n\n\n<p>No se prev\u00e9 efectuar transferencias a terceros pa\u00edses ni a organismos internacionales de los datos de car\u00e1cter personal.<\/p>\n\n\n\n<p>Los datos de car\u00e1cter personal facilitados a Abia Legal se conservar\u00e1n mientras sea necesario para la finalidad para la cual fueron facilitados o durante el plazo necesario para cumplir con las obligaciones legales que pudieran corresponder a Abia Legal (lo que suceda antes).<\/p>\n\n\n\n<ol start=\"4\" class=\"wp-block-list\">\n<li>Derechos que le corresponden a los titulares de los datos de car\u00e1cter personal facilitados a Abia Legal<\/li>\n<\/ol>\n\n\n\n<p>Los titulares de los datos de car\u00e1cter personal que hayan sido facilitados a Abia Legal podr\u00e1n ejercitar los siguientes derechos:<\/p>\n\n\n\n<ol class=\"wp-block-list\">\n<li>Derecho de acceso a sus datos de car\u00e1cter personal para conocer cu\u00e1les est\u00e1n siendo objeto de tratamiento y las operaciones de tratamiento llevadas a cabo con ellos.<\/li>\n<\/ol>\n\n\n\n<ol start=\"2\" class=\"wp-block-list\">\n<li>Derecho de rectificaci\u00f3n de cualquier dato de car\u00e1cter personal inexacto.<\/li>\n<\/ol>\n\n\n\n<ol start=\"3\" class=\"wp-block-list\">\n<li>Derecho de supresi\u00f3n de sus datos de car\u00e1cter personal, cuando ello sea posible.<\/li>\n<\/ol>\n\n\n\n<ol start=\"4\" class=\"wp-block-list\">\n<li>Derecho a solicitar la limitaci\u00f3n del tratamiento de sus datos de car\u00e1cter personal cuando la exactitud, la legalidad o la necesidad del tratamiento de los datos pueda resultar cuestionable. En tal caso, Abia Legal podr\u00e1 conservarlos para el ejercicio o la defensa de reclamaciones.<\/li>\n<\/ol>\n\n\n\n<ol start=\"5\" class=\"wp-block-list\">\n<li>Derecho a la portabilidad de sus datos personales, cuando ello sea legalmente posible.<\/li>\n<\/ol>\n\n\n\n<ol start=\"6\" class=\"wp-block-list\">\n<li>Derecho de oposici\u00f3n al tratamiento de sus datos de car\u00e1cter personal, en cuyo caso Abia Legal dejar\u00e1 de tratar sus datos salvo que exista un inter\u00e9s leg\u00edtimo razonable para la formulaci\u00f3n, el ejercicio o la defensa de reclamaciones.<\/li>\n<\/ol>\n\n\n\n<ol start=\"7\" class=\"wp-block-list\">\n<li>Derecho a revocar su consentimiento en cualquier momento.<\/li>\n<\/ol>\n\n\n\n<p>Los derechos anteriores podr\u00e1n ser ejercitados en cualquier momento y de forma gratuita mediante la remisi\u00f3n de un correo electr\u00f3nico a la direcci\u00f3n info@abialegal.com indicando de manera precisa el derecho que desea ejercitar y los datos de identificaci\u00f3n suficientes para poder dar tr\u00e1mite a la solicitud.<\/p>\n\n\n\n<p>Adicionalmente, le informamos del derecho que le asiste a presentar una reclamaci\u00f3n ante la Agencia Espa\u00f1ola de Protecci\u00f3n de Datos cuando considere que la reclamaci\u00f3n del ejercicio de sus derechos no ha sido debidamente atendida por Abia Legal.<\/p>\n\n\n\n<ol start=\"5\" class=\"wp-block-list\">\n<li>Cookies<\/li>\n<\/ol>\n\n\n\n<p>Abia Legal utilizar\u00e1 dispositivos de almacenamiento y recuperaci\u00f3n de datos cuando el usuario de la P\u00e1gina Web haya dado su consentimiento previo para ello cuando acceda a la P\u00e1gina Web y en los t\u00e9rminos y condiciones que se indican en la <a href=\"#cookies\">Pol\u00edtica de Cookies<\/a> de la P\u00e1gina Web que todo usuario de la misma debe conocer.<\/p>\n\n\n\n<ol start=\"6\" class=\"wp-block-list\">\n<li>Medidas de seguridad<\/li>\n<\/ol>\n\n\n\n<p>Abia Legal adopta los niveles de seguridad requeridos por el RGPD adecuados a la naturaleza de los datos de car\u00e1cter personal que son objeto de tratamiento por Abia Legal. Sin perjuicio de ello, pueden existir actuaciones dolosas de terceros en relaci\u00f3n con lo anterior, si bien Abia Legal pone todos los medios a su alcance para evitar que dichas actuaciones puedan suponer un perjuicio para los titulares de los datos de car\u00e1cter personal.<\/p>\n\n\n\n<div style=\"height:147px\" aria-hidden=\"true\" class=\"wp-block-spacer\"><\/div>\n\n\n\n<h2 class=\"wp-block-heading\" id=\"cookies\">Pol\u00edtica de Cookies &#8211; ABIA Legal<\/h2>\n\n\n\n<p><strong>Introducci\u00f3n<\/strong><\/p>\n\n\n\n<p>En ABIA Legal (en adelante, \u00abABIA\u00bb o \u00abnosotros\u00bb) utilizamos cookies en nuestro sitio web <a href=\"http:\/\/abigal.com\/\" target=\"_blank\" rel=\"noreferrer noopener\">http:\/\/abialegal.com\/<\/a> (en adelante, el \u00abSitio Web\u00bb). Las cookies son peque\u00f1os archivos de texto que se almacenan en tu ordenador o dispositivo m\u00f3vil cuando visitas nuestro Sitio Web.<\/p>\n\n\n\n<p><strong>\u00bfQu\u00e9 tipo de cookies utilizamos?<\/strong><\/p>\n\n\n\n<p>Utilizamos dos tipos de cookies:<\/p>\n\n\n\n<ul class=\"wp-block-list\">\n<li><strong>Cookies propias:<\/strong> Son aquellas que gestionamos directamente nosotros y que nos permiten conocer la actividad del usuario en el Sitio Web y mejorar su experiencia.<\/li>\n\n\n\n<li><strong>Cookies de terceros:<\/strong> Son aquellas que gestionan otros terceros, como Google Analytics o WhatsApp, y nos permiten obtener informaci\u00f3n estad\u00edstica sobre el uso del Sitio Web y ofrecer al usuario servicios personalizados, como chat online.<\/li>\n<\/ul>\n\n\n\n<p><strong>\u00bfQu\u00e9 cookies utilizamos en ABIA Legal?<\/strong><\/p>\n\n\n\n<p>A continuaci\u00f3n, te detallamos las cookies que utilizamos en ABIA Legal y su finalidad:<\/p>\n\n\n\n<p><strong>Cookies necesarias:<\/strong><\/p>\n\n\n\n<ul class=\"wp-block-list\">\n<li><strong>Nombre:<\/strong> PHPSESSID<\/li>\n\n\n\n<li><strong>Descripci\u00f3n:<\/strong> Esta cookie es nativa de PHP y permite que las sesiones de usuario se guarden en el servidor web. Es esencial para el funcionamiento del sitio web.<\/li>\n\n\n\n<li><strong>Duraci\u00f3n:<\/strong> Hasta que se cierre el navegador<\/li>\n<\/ul>\n\n\n\n<p><strong>Cookies de an\u00e1lisis:<\/strong><\/p>\n\n\n\n<ul class=\"wp-block-list\">\n<li><strong>Nombre:<\/strong> _ga<\/li>\n\n\n\n<li><strong>Descripci\u00f3n:<\/strong> Esta cookie es utilizada por Google Analytics para distinguir a los usuarios.<\/li>\n\n\n\n<li><strong>Duraci\u00f3n:<\/strong> 2 a\u00f1os<\/li>\n\n\n\n<li><strong>Nombre:<\/strong> _gat<\/li>\n\n\n\n<li><strong>Descripci\u00f3n:<\/strong> Esta cookie es utilizada por Google Analytics para ralentizar la tasa de solicitud.<\/li>\n\n\n\n<li><strong>Duraci\u00f3n:<\/strong> 1 minuto<\/li>\n\n\n\n<li><strong>Nombre:<\/strong> _gid<\/li>\n\n\n\n<li><strong>Descripci\u00f3n:<\/strong> Esta cookie es utilizada por Google Analytics para distinguir a los usuarios.<\/li>\n\n\n\n<li><strong>Duraci\u00f3n:<\/strong> 24 horas<\/li>\n<\/ul>\n\n\n\n<p><strong>Cookies de preferencias:<\/strong><\/p>\n\n\n\n<ul class=\"wp-block-list\">\n<li><strong>Nombre:<\/strong> wp-settings-time-1<\/li>\n\n\n\n<li><strong>Descripci\u00f3n:<\/strong> Esta cookie almacena la configuraci\u00f3n de visualizaci\u00f3n de la pantalla del usuario y se utiliza cuando se vuelve a visitar el sitio web.<\/li>\n\n\n\n<li><strong>Duraci\u00f3n:<\/strong> 1 a\u00f1o<\/li>\n\n\n\n<li><strong>Nombre:<\/strong> wp-settings-1<\/li>\n\n\n\n<li><strong>Descripci\u00f3n:<\/strong> Esta cookie almacena la configuraci\u00f3n de visualizaci\u00f3n de la pantalla del usuario y se utiliza cuando se vuelve a visitar el sitio web.<\/li>\n\n\n\n<li><strong>Duraci\u00f3n:<\/strong> 1 a\u00f1o<\/li>\n<\/ul>\n\n\n\n<p><strong>Cookies de chat de WhatsApp:<\/strong><\/p>\n\n\n\n<ul class=\"wp-block-list\">\n<li><strong>Nombre:<\/strong> _fb_page_fb_pixel_id<\/li>\n\n\n\n<li><strong>Descripci\u00f3n:<\/strong> Esta cookie se utiliza para el chat de WhatsApp.<\/li>\n\n\n\n<li><strong>Duraci\u00f3n:<\/strong> 3 meses<\/li>\n\n\n\n<li><strong>Nombre:<\/strong> _fb_page_fb_pixel_data<\/li>\n\n\n\n<li><strong>Descripci\u00f3n:<\/strong> Esta cookie se utiliza para el chat de WhatsApp.<\/li>\n\n\n\n<li><strong>Duraci\u00f3n:<\/strong> 3 meses<\/li>\n<\/ul>\n\n\n\n<p><strong>\u00bfC\u00f3mo gestionar las cookies?<\/strong><\/p>\n\n\n\n<p>Puedes configurar tu navegador para que acepte, rechace o bloquee todas o algunas de las cookies. Para ello, deber\u00e1s consultar las instrucciones de tu navegador.<\/p>\n\n\n\n<p>Ten en cuenta que si bloqueas las cookies necesarias, es posible que no puedas utilizar algunas de las funciones del Sitio Web.<\/p>\n\n\n\n<p><strong>M\u00e1s informaci\u00f3n<\/strong><\/p>\n\n\n\n<p>Para m\u00e1s informaci\u00f3n sobre las cookies, puedes consultar la siguiente informaci\u00f3n:<\/p>\n\n\n\n<ul class=\"wp-block-list\">\n<li>Agencia Espa\u00f1ola de Protecci\u00f3n de Datos [se quit\u00f3 una URL no v\u00e1lida]<\/li>\n\n\n\n<li>Google Analytics <\/li>\n\n\n\n<li><a href=\"https:\/\/www.whatsapp.com\/legal\/cookies?lang=es\" target=\"_blank\" rel=\"noreferrer noopener\">WhatsApp<\/a><\/li>\n<\/ul>\n\n\n\n<p><strong>Actualizaciones de la pol\u00edtica de cookies<\/strong><\/p>\n\n\n\n<p>Esta pol\u00edtica de cookies puede ser modificada en cualquier momento. Te recomendamos que revises esta pol\u00edtica peri\u00f3dicamente para estar informado de las \u00faltimas modificaciones.<\/p>\n\n\n\n<p><strong>Contacto<\/strong><\/p>\n\n\n\n<p>Si tienes alguna duda sobre esta pol\u00edtica de cookies, puedes ponerte en contacto con nosotros a trav\u00e9s de la siguiente direcci\u00f3n de correo electr\u00f3nico: info@abialegal.com&nbsp;<br><\/p>\n\n\n\n<div style=\"height:179px\" aria-hidden=\"true\" class=\"wp-block-spacer\"><\/div>\n","protected":false},"excerpt":{"rendered":"<p>Pol\u00edtica de privacidad web Abia Legal La presente pol\u00edtica de privacidad de la p\u00e1gina web de Abia Legal, S.L.P. (en lo sucesivo, la \u201cP\u00e1gina Web\u201d) facilita al usuario la informaci\u00f3n sobre el tratamiento que Abia Legal, S.L.P. efectuar\u00e1 de sus datos de car\u00e1cter personal en tal condici\u00f3n. Adicionalmente, la presente pol\u00edtica de privacidad de la [&hellip;]<\/p>\n","protected":false},"author":2,"featured_media":0,"parent":0,"menu_order":0,"comment_status":"closed","ping_status":"closed","template":"","meta":{"_et_pb_use_builder":"off","_et_pb_old_content":"","_et_gb_content_width":"1080","footnotes":""},"class_list":["post-837","page","type-page","status-publish","hentry"],"_links":{"self":[{"href":"https:\/\/abialegal.com\/en\/wp-json\/wp\/v2\/pages\/837","targetHints":{"allow":["GET"]}}],"collection":[{"href":"https:\/\/abialegal.com\/en\/wp-json\/wp\/v2\/pages"}],"about":[{"href":"https:\/\/abialegal.com\/en\/wp-json\/wp\/v2\/types\/page"}],"author":[{"embeddable":true,"href":"https:\/\/abialegal.com\/en\/wp-json\/wp\/v2\/users\/2"}],"replies":[{"embeddable":true,"href":"https:\/\/abialegal.com\/en\/wp-json\/wp\/v2\/comments?post=837"}],"version-history":[{"count":8,"href":"https:\/\/abialegal.com\/en\/wp-json\/wp\/v2\/pages\/837\/revisions"}],"predecessor-version":[{"id":1140,"href":"https:\/\/abialegal.com\/en\/wp-json\/wp\/v2\/pages\/837\/revisions\/1140"}],"wp:attachment":[{"href":"https:\/\/abialegal.com\/en\/wp-json\/wp\/v2\/media?parent=837"}],"curies":[{"name":"wp","href":"https:\/\/api.w.org\/{rel}","templated":true}]}}