{"id":270,"date":"2024-05-09T12:13:01","date_gmt":"2024-05-09T12:13:01","guid":{"rendered":"https:\/\/abialegal.com\/?page_id=270"},"modified":"2024-09-11T08:26:44","modified_gmt":"2024-09-11T08:26:44","slug":"carlos-romero-montejo","status":"publish","type":"page","link":"https:\/\/abialegal.com\/en\/carlos-romero-montejo\/","title":{"rendered":"Carlos Romero Montejo"},"content":{"rendered":"<p>[et_pb_section fb_built=\u00bb1&#8243; admin_label=\u00bbHero\u00bb _builder_version=\u00bb4.17.6&#8243; _module_preset=\u00bbdefault\u00bb locked=\u00bboff\u00bb collapsed=\u00bbon\u00bb global_colors_info=\u00bb{}\u00bb][et_pb_row column_structure=\u00bb1_2,1_2&#8243; _builder_version=\u00bb4.25.0&#8243; _module_preset=\u00bb5138c454-be54-4233-bd3b-f8e6a8747976&#8243; locked=\u00bboff\u00bb global_colors_info=\u00bb{}\u00bb][et_pb_column type=\u00bb1_2&#8243; _builder_version=\u00bb4.23.1&#8243; _module_preset=\u00bb73121f80-a3ef-4484-8763-c3f18e3c56d2&#8243; global_colors_info=\u00bb{}\u00bb][et_pb_heading title=\u00bb\u25b7 Equipo ABIA Legal\u00bb _builder_version=\u00bb4.25.0&#8243; _module_preset=\u00bbf0c675ea-2574-4d0e-b725-30f8550a8550&#8243; title_level=\u00bbh4&#8243; title_font=\u00bbProza Libre|Cormorant Garamond_weight||on|||||\u00bb title_text_color=\u00bb#264653&#8243; title_font_size=\u00bb14px\u00bb title_letter_spacing=\u00bb1px\u00bb title_line_height=\u00bb1.4em\u00bb custom_margin=\u00bb||10px||false|false\u00bb title_font_size_tablet=\u00bb13px\u00bb title_font_size_phone=\u00bb13px\u00bb title_font_size_last_edited=\u00bbon|desktop\u00bb locked=\u00bboff\u00bb global_colors_info=\u00bb{%22#264653%22:%91%22title_text_color%22%93}\u00bb][\/et_pb_heading][et_pb_heading title=\u00bbCarlos Romero Montejo\u00bb _builder_version=\u00bb4.25.0&#8243; _module_preset=\u00bbddeb8c09-9078-4424-bc15-2efb6572e28e\u00bb title_font=\u00bbttramillas light|Cormorant Garamond_weight|||||||\u00bb title_text_color=\u00bb#002D70&#8243; title_font_size=\u00bb72px\u00bb title_line_height=\u00bb1.15em\u00bb title_font_size_tablet=\u00bb40px\u00bb title_font_size_phone=\u00bb24px\u00bb title_font_size_last_edited=\u00bbon|phone\u00bb locked=\u00bboff\u00bb global_colors_info=\u00bb{}\u00bb][\/et_pb_heading][et_pb_text quote_border_color=\u00bb#2a9d8f\u00bb _builder_version=\u00bb4.25.0&#8243; _module_preset=\u00bb2c55a9c4-feed-423b-9edb-ae0b5b365cac\u00bb text_font=\u00bb&#8211;et_global_body_font|Proza Libre_weight|||||||\u00bb text_text_color=\u00bb#3c3a47&#8243; text_font_size=\u00bb16px\u00bb text_line_height=\u00bb1.75em\u00bb link_font=\u00bb|Proza Libre_weight|||||||\u00bb link_text_color=\u00bb#264653&#8243; quote_font=\u00bbCormorant Garamond|Cormorant Garamond_weight|||||||\u00bb quote_text_color=\u00bb#0e0c19&#8243; header_font=\u00bbCormorant Garamond|Cormorant Garamond_weight|||||||\u00bb header_text_color=\u00bb#0e0c19&#8243; header_font_size=\u00bb72px\u00bb header_line_height=\u00bb1.15em\u00bb header_2_font=\u00bbCormorant Garamond|Cormorant Garamond_weight|||||||\u00bb header_2_text_color=\u00bb#0e0c19&#8243; header_2_font_size=\u00bb50px\u00bb header_2_line_height=\u00bb1.2em\u00bb header_3_font=\u00bbCormorant Garamond|Cormorant Garamond_weight|||||||\u00bb header_3_text_color=\u00bb#0e0c19&#8243; header_3_font_size=\u00bb32px\u00bb header_3_line_height=\u00bb1.3em\u00bb header_4_font=\u00bbCormorant Garamond|Cormorant Garamond_weight|||||||\u00bb header_4_text_color=\u00bb#0e0c19&#8243; header_4_font_size=\u00bb24px\u00bb header_4_line_height=\u00bb1.4em\u00bb header_5_font=\u00bbCormorant Garamond|Cormorant Garamond_weight|||||||\u00bb header_5_text_color=\u00bb#0e0c19&#8243; header_5_font_size=\u00bb18px\u00bb header_5_line_height=\u00bb1.4em\u00bb header_6_font=\u00bbCormorant Garamond|Cormorant Garamond_weight|||||||\u00bb header_6_text_color=\u00bb#0e0c19&#8243; header_6_line_height=\u00bb1.5em\u00bb custom_margin=\u00bb||||false|false\u00bb text_font_size_tablet=\u00bb15px\u00bb text_font_size_phone=\u00bb14px\u00bb text_font_size_last_edited=\u00bbon|phone\u00bb header_font_size_tablet=\u00bb40px\u00bb header_font_size_phone=\u00bb24px\u00bb header_font_size_last_edited=\u00bbon|desktop\u00bb header_2_font_size_tablet=\u00bb28px\u00bb header_2_font_size_phone=\u00bb20px\u00bb header_2_font_size_last_edited=\u00bbon|phone\u00bb header_3_font_size_tablet=\u00bb22px\u00bb header_3_font_size_phone=\u00bb17px\u00bb header_3_font_size_last_edited=\u00bbon|phone\u00bb header_4_font_size_tablet=\u00bb18px\u00bb header_4_font_size_phone=\u00bb15px\u00bb header_4_font_size_last_edited=\u00bbon|tablet\u00bb header_5_font_size_tablet=\u00bb15px\u00bb header_5_font_size_phone=\u00bb14px\u00bb header_5_font_size_last_edited=\u00bbon|desktop\u00bb header_6_font_size_tablet=\u00bb13px\u00bb header_6_font_size_phone=\u00bb13px\u00bb header_6_font_size_last_edited=\u00bbon|desktop\u00bb locked=\u00bboff\u00bb global_colors_info=\u00bb{}\u00bb]<\/p>\n<p><span>Carlos Romero Montejo es miembro y co-fundador de Abia Legal, especialista en Derecho Mercantil y Societario y M&amp;A<\/span><\/p>\n<p>[\/et_pb_text][et_pb_button button_url=\u00bbmailto:carlos.romero@abialegal.com\u00bb button_text=\u00bbContactar con Carlos\u00bb _builder_version=\u00bb4.25.0&#8243; _module_preset=\u00bb1bffc0fc-42a0-49d1-bd9a-ae3ade2d7206&#8243; custom_button=\u00bbon\u00bb button_text_size=\u00bb14px\u00bb button_text_color=\u00bb#FFFFFF\u00bb button_bg_color=\u00bb#002D70&#8243; button_border_width=\u00bb5px\u00bb button_border_color=\u00bb#002D70&#8243; button_border_radius=\u00bb100px\u00bb button_font=\u00bb&#8211;et_global_body_font|700|||||||\u00bb button_use_icon=\u00bboff\u00bb custom_padding=\u00bb12px|24px|12px|24px|true|true\u00bb locked=\u00bboff\u00bb global_colors_info=\u00bb{}\u00bb custom_padding__hover_enabled=\u00bboff|desktop\u00bb custom_padding__hover=\u00bb|28px||20px|true|false\u00bb][\/et_pb_button][\/et_pb_column][et_pb_column type=\u00bb1_2&#8243; _builder_version=\u00bb4.23.1&#8243; _module_preset=\u00bb73121f80-a3ef-4484-8763-c3f18e3c56d2&#8243; global_colors_info=\u00bb{}\u00bb][et_pb_image src=\u00bbhttps:\/\/abialegal.com\/wp-content\/uploads\/2024\/05\/Carlos-Romero-Montejo-Abogado.webp\u00bb alt=\u00bbCarlos Romero Montejo Abogado ABIA Legal\u00bb title_text=\u00bbCarlos Romero Montejo Abogado\u00bb _builder_version=\u00bb4.25.0&#8243; _module_preset=\u00bb6ed8fd5c-62c5-4100-98c3-7b8b6d2c2ee6&#8243; border_radii=\u00bbon|12px|12px|12px|12px\u00bb box_shadow_style=\u00bbpreset4&#8243; box_shadow_horizontal=\u00bb0px\u00bb box_shadow_vertical=\u00bb24px\u00bb box_shadow_blur=\u00bb72px\u00bb box_shadow_spread=\u00bb-12px\u00bb box_shadow_color=\u00bbrgba(0,0,0,0.12)\u00bb locked=\u00bboff\u00bb global_colors_info=\u00bb{}\u00bb][\/et_pb_image][\/et_pb_column][\/et_pb_row][\/et_pb_section][et_pb_section fb_built=\u00bb1&#8243; admin_label=\u00bbPerson Biography\u00bb _builder_version=\u00bb4.24.3&#8243; _module_preset=\u00bbdefault\u00bb global_colors_info=\u00bb{}\u00bb][et_pb_row column_structure=\u00bb1_3,2_3&#8243; _builder_version=\u00bb4.24.3&#8243; _module_preset=\u00bbdefault\u00bb global_colors_info=\u00bb{}\u00bb][et_pb_column type=\u00bb1_3&#8243; _builder_version=\u00bb4.24.3&#8243; _module_preset=\u00bbdefault\u00bb global_colors_info=\u00bb{}\u00bb][et_pb_image src=\u00bbhttps:\/\/abialegal.com\/wp-content\/uploads\/2024\/05\/Abogado-experto-en-MA.webp\u00bb alt=\u00bbAbogado experto en M&#038;A\u00bb title_text=\u00bbAbogado experto en M&#038;A\u00bb _builder_version=\u00bb4.25.0&#8243; _module_preset=\u00bb1cc6152f-565c-4c4d-b0c9-cf8c9576c341&#8243; border_radii=\u00bbon|6px|6px|6px|6px\u00bb box_shadow_style=\u00bbpreset3&#8243; box_shadow_vertical=\u00bb40px\u00bb box_shadow_blur=\u00bb112px\u00bb box_shadow_spread=\u00bb-24px\u00bb box_shadow_color=\u00bbrgba(0,0,0,0.12)\u00bb global_colors_info=\u00bb{}\u00bb][\/et_pb_image][\/et_pb_column][et_pb_column type=\u00bb2_3&#8243; _builder_version=\u00bb4.24.3&#8243; _module_preset=\u00bbdefault\u00bb global_colors_info=\u00bb{}\u00bb][et_pb_heading title=\u00bbCarlos Romero Montejo\u00bb _builder_version=\u00bb4.25.0&#8243; _module_preset=\u00bbba4a6336-701f-47b8-bf5c-09da0ce28016&#8243; title_level=\u00bbh3&#8243; title_font=\u00bbCormorant Garamond|Cormorant Garamond_weight|||||||\u00bb title_text_color=\u00bb#0e0c19&#8243; title_font_size=\u00bb32px\u00bb title_line_height=\u00bb1.3em\u00bb custom_margin=\u00bb||10px||false|false\u00bb title_font_size_tablet=\u00bb22px\u00bb title_font_size_phone=\u00bb17px\u00bb title_font_size_last_edited=\u00bbon|phone\u00bb global_colors_info=\u00bb{}\u00bb][\/et_pb_heading][et_pb_text _builder_version=\u00bb4.25.0&#8243; _module_preset=\u00bbdefault\u00bb global_colors_info=\u00bb{}\u00bb]<\/p>\n<p><a href=\"https:\/\/www.linkedin.com\/in\/carlos-romero-montejo-10677318\/?originalSubdomain=es\" target=\"_blank\" rel=\"noopener\"><strong>Carlos Romero<\/strong><\/a> es abogado desde 2005, cuando inici\u00f3 su carrera profesional en el departamento mercantil de Ernst &amp; Young Abogados en Barcelona.<br \/>Con posterioridad, ha desarrollado su carrera profesional en firmas como Garrigues y KPMG Abogados, asesorando a clientes nacionales e internacionales, hasta que en 2021 se traslad\u00f3 a Madrid para prestar servicios como abogado en Mavens.<\/p>\n<p>En 2024 funda Abia Legal.<\/p>\n<p>[\/et_pb_text][et_pb_text _builder_version=\u00bb4.25.0&#8243; _module_preset=\u00bbdefault\u00bb global_colors_info=\u00bb{}\u00bb]<\/p>\n<p>Ha participado en el asesoramiento en numerosos procesos de M&amp;A, pr\u00e1ctica en la que tiene una larga experiencia con clientes nacionales e internacionales, as\u00ed como en contrataci\u00f3n civil y mercantil, procesos de refinanciaci\u00f3n de deuda y en asesoramiento societario en diversos sectores econ\u00f3micos.<\/p>\n<p>Carlos es licenciado por la Universidad de Valladolid (2004), y curs\u00f3 el Master en Abogac\u00eda del Instituto Superior de Derecho y Econom\u00eda (ISDE) en 2005. Adicionalmente, curs\u00f3 el Diploma de Corporate Finance &amp; Law de ESADE (2015).<\/p>\n<p>Es coautor de la publicaci\u00f3n \u201cAlternativas de configuraci\u00f3n de las garant\u00edas hipotecarias en un proceso de refinanciaci\u00f3n\u201d (Anuario Pr\u00e1ctica Mercantil para Abogados Wolters Kluwer junio 2017; ISBN: 978-84-9020-604-1).<\/p>\n<p>&nbsp;<\/p>\n<h3>Breve identificaci\u00f3n de algunas operaciones en las que ha participado Carlos:<\/h3>\n<p>&nbsp;<\/p>\n<ul>\n<li>Asesoramiento a fondo de inversi\u00f3n comprador brit\u00e1nico en sucesivas adquisiciones de una participaci\u00f3n mayoritaria en el capital social de una sociedad dedicada al diagn\u00f3stico de enfermedades por resonancia nuclear magn\u00e9tica, con un precio total aproximado de 15.500.000.- euros (junio 2023 \u2013 marzo 2024).<\/li>\n<li>Asesoramiento a la parte vendedora espa\u00f1ola en la transmisi\u00f3n del cien por cien del capital social de una sociedad dedicada a la comercializaci\u00f3n de hidrocarburos, productos petrol\u00edferos y productos qu\u00edmicos, por un precio total superior a 40.000.000.- euros (noviembre 2022).<\/li>\n<li>Asesoramiento a inversor suizo en la adquisici\u00f3n de una participaci\u00f3n mayoritaria en el capital social de una sociedad dedicada al mantenimiento, reparaci\u00f3n y reforma de embarcaciones de gran calado, con un Enterprise Value de 155.000.000.-euros (octubre 2019)<\/li>\n<li>Asesoramiento a la parte vendedora espa\u00f1ola en la transmisi\u00f3n de una rama de actividad de diagn\u00f3stico por imagen mediante la adquisici\u00f3n de capital social y activos, con un precio aproximado de 8.400.000.-euros (diciembre 2021).<\/li>\n<li>Asesoramiento a la parte compradora japonesa en la adquisici\u00f3n de una participaci\u00f3n mayoritaria en el capital social de un grupo de sociedades explotadoras de concesionarios automovil\u00edsticos, con un precio aproximado de 18.000.000.-euros (octubre 2016).<\/li>\n<li>Asesoramiento a la parte compradora espa\u00f1ola en la adquisici\u00f3n de la totalidad de los activos de una sociedad dedicada a la consultor\u00eda y creaci\u00f3n de productos de software, con un precio aproximado de 7.000.000.- euros (febrero 2017).<\/li>\n<li>Asesoramiento a la parte compradora espa\u00f1ola en la adquisici\u00f3n de una sociedad dedicada a la producci\u00f3n y distribuci\u00f3n de productos de panader\u00eda y pasteler\u00eda, con un precio de 500.000.- euros, y en la suscripci\u00f3n de los contratos de financiaci\u00f3n necesarios para el desarrollo del negocio por importe de 17.000.000.-euros (septiembre 2016).<\/li>\n<li>Asesoramiento a la parte vendedora espa\u00f1ola en la transmisi\u00f3n del cien por cien del capital social de un grupo de sociedades dedicadas a los sectores de seguridad, mantenimiento y limpieza, con un precio inicial de 3.000.000.-Euros y un Earn Out total de 2.750.000.- euros (febrero 2018).<\/li>\n<li>Asesoramiento a mutua espa\u00f1ola del sector de residencias de ancianos y servicios de geriatr\u00eda en operaci\u00f3n triangular de compraventa de negocio de residencia de ancianos con exclusi\u00f3n de los activos inmobiliarios con un precio de 1.200.000.- euros y posterior arrendamiento de los activos inmobiliarios explotados en el negocio a un comprador adicional, con una renta anual de 500.000.- euros (octubre 2018).<\/li>\n<li>Asesoramiento en el proceso de reestructuraci\u00f3n de deuda financiera de grupo espa\u00f1ol dedicado al desarrollo y mantenimiento de sistemas y aplicaciones inform\u00e1ticas con una deuda total objeto de reestructuraci\u00f3n de aproximadamente 35.000.000.- euros; asistencia en la suscripci\u00f3n del acuerdo marco, en el otorgamiento de garant\u00edas personales y mobiliarias y en la suscripci\u00f3n de nuevas l\u00edneas de avales (enero 2017).<\/li>\n<li>Asesoramiento en el proceso de reestructuraci\u00f3n de deuda financiera de grupo espa\u00f1ol dedicado al sector de la moda y complementos con una deuda total objeto de reestructuraci\u00f3n de aproximadamente 25.000.000.- euros; asistencia en la suscripci\u00f3n del acuerdo marco y en el otorgamiento de garant\u00edas inmobiliarias y mobiliarias (diciembre 2017).<\/li>\n<\/ul>\n<p>[\/et_pb_text][\/et_pb_column][\/et_pb_row][\/et_pb_section][et_pb_section fb_built=\u00bb1&#8243; _builder_version=\u00bb4.25.0&#8243; _module_preset=\u00bbdefault\u00bb background_color=\u00bb#002D70&#8243; custom_padding=\u00bb99px||99px||true|\u00bb global_module=\u00bb187&#8243; saved_tabs=\u00bball\u00bb global_colors_info=\u00bb{}\u00bb][et_pb_row column_structure=\u00bb1_3,1_3,1_3&#8243; _builder_version=\u00bb4.25.0&#8243; _module_preset=\u00bbdefault\u00bb global_colors_info=\u00bb{}\u00bb][et_pb_column type=\u00bb1_3&#8243; _builder_version=\u00bb4.25.0&#8243; _module_preset=\u00bbdefault\u00bb border_width_top=\u00bb7px\u00bb border_color_top=\u00bb#FFFFFF\u00bb global_colors_info=\u00bb{}\u00bb][et_pb_text _builder_version=\u00bb4.27.0&#8243; _module_preset=\u00bbdefault\u00bb text_text_color=\u00bb#8A8A8A\u00bb link_text_color=\u00bb#FFFFFF\u00bb header_3_text_color=\u00bb#FFFFFF\u00bb custom_margin=\u00bb25px||25px||true|false\u00bb global_colors_info=\u00bb{}\u00bb]<\/p>\n<h3><strong>Fiscal<\/strong><\/h3>\n<ul>\n<li><strong><a href=\"https:\/\/abialegal.com\/expertos-en-asesoramiento-fiscal-a-empresas-en-madrid\/\"> Fiscalidad corporativa directa <\/a><\/strong><\/li>\n<li><strong><a href=\"https:\/\/abialegal.com\/servicios-de-asesoramiento-para-el-irpf\/\">IRPF<\/a><\/strong><\/li>\n<li><strong><a href=\"https:\/\/abialegal.com\/optimizacion-del-impuesto-de-las-grandes-fortunas\/\">Impuesto sobre el patrimonio<\/a><\/strong><\/li>\n<li><strong><a href=\"https:\/\/abialegal.com\/optimizacion-del-impuesto-de-las-grandes-fortunas\/\">Impuesto de solidaridad de las Grandes Fortunas<\/a><\/strong><\/li>\n<li><strong><a href=\"https:\/\/abialegal.com\/abogados-expertos-en-fiscalidad-internacional\/\">Fiscalidad Internacional<\/a><\/strong><\/li>\n<li><strong><a href=\"https:\/\/abialegal.com\/expertos-en-impuesto-de-sociedades-en-madrid\/\">Impuesto sobre Sociedades<\/a><\/strong><\/li>\n<li><strong><a href=\"https:\/\/abialegal.com\/asesoramiento-en-materia-de-impuestos-indirectos\/\">Impuestos indirectos<\/a><\/strong><\/li>\n<li><strong><a href=\"https:\/\/abialegal.com\/Abogados-para-Recursos-contencioso-tributarios\/\">Procedimientos ante la administraci\u00f3n tributaria<\/a><\/strong><\/li>\n<\/ul>\n<p>[\/et_pb_text][\/et_pb_column][et_pb_column type=\u00bb1_3&#8243; _builder_version=\u00bb4.25.0&#8243; _module_preset=\u00bbdefault\u00bb border_width_top=\u00bb7px\u00bb border_color_top=\u00bb#FFFFFF\u00bb global_colors_info=\u00bb{}\u00bb][et_pb_text _builder_version=\u00bb4.27.0&#8243; _module_preset=\u00bbdefault\u00bb text_text_color=\u00bb#8A8A8A\u00bb link_text_color=\u00bb#FFFFFF\u00bb header_3_text_color=\u00bb#FFFFFF\u00bb custom_margin=\u00bb25px||25px||true|false\u00bb global_colors_info=\u00bb{}\u00bb]<\/p>\n<h3>Mercantil<\/h3>\n<ul>\n<li><strong><a href=\"https:\/\/abialegal.com\/asesoramiento-en-operaciones-de-adquisicion-de-sociedades\/\">M&amp;A<\/a><\/strong><\/li>\n<li><strong><a href=\"https:\/\/abialegal.com\/asesoramiento-contractual-para-empresas-madrid\/\">Asesoramiento contractual<\/a><\/strong><\/li>\n<li><strong><a href=\"https:\/\/abialegal.com\/asesoramiento-societario-para-empresas-en-madrid\/\">Asesoramiento societario<\/a><\/strong><\/li>\n<li><strong><a href=\"https:\/\/abialegal.com\/abogados-expertos-en-refinanciacion-de-empresas\/\">Refinanciaciones<\/a><\/strong><\/li>\n<li><strong><a href=\"https:\/\/abialegal.com\/expertos-derecho-inmobiliario-madrid\/\">Inmobiliario<\/a><\/strong><\/li>\n<li><strong><a href=\"https:\/\/abialegal.com\/despacho-mercantil-especialista-en-startups\/\">Startups<\/a><\/strong><\/li>\n<\/ul>\n<p>[\/et_pb_text][\/et_pb_column][et_pb_column type=\u00bb1_3&#8243; _builder_version=\u00bb4.25.0&#8243; _module_preset=\u00bbdefault\u00bb border_color_top=\u00bb#FFFFFF\u00bb global_colors_info=\u00bb{}\u00bb][et_pb_image src=\u00bbhttps:\/\/abialegal.com\/wp-content\/uploads\/2024\/04\/ABIA-LEGAL.webp\u00bb alt=\u00bbABIA LEGAL\u00bb title_text=\u00bbABIA LEGAL\u00bb align=\u00bbcenter\u00bb _builder_version=\u00bb4.25.0&#8243; _module_preset=\u00bbdefault\u00bb width=\u00bb50%\u00bb custom_margin=\u00bb25px||25px||true|false\u00bb filter_brightness=\u00bb0%\u00bb filter_contrast=\u00bb200%\u00bb filter_invert=\u00bb100%\u00bb global_colors_info=\u00bb{}\u00bb][\/et_pb_image][et_pb_text _builder_version=\u00bb4.25.0&#8243; _module_preset=\u00bbdefault\u00bb link_text_color=\u00bb#FFFFFF\u00bb global_colors_info=\u00bb{}\u00bb]<\/p>\n<p style=\"text-align: center;\"><a href=\"mailto:info@abialegal.com\">info@abialegal.com<\/a><\/p>\n<p style=\"text-align: center;\"><a href=\"https:\/\/abialegal.com\/derecho-de-los-negocios-en-madrid-y-ma\/\" target=\"_blank\" rel=\"noopener\">Abia Legal<\/a><\/p>\n<p>[\/et_pb_text][\/et_pb_column][\/et_pb_row][\/et_pb_section]<\/p>\n","protected":false},"excerpt":{"rendered":"<p>Carlos Romero Montejo es miembro y co-fundador de Abia Legal, especialista en Derecho Mercantil y Societario y M&amp;ACarlos Romero es abogado desde 2005, cuando inici\u00f3 su carrera profesional en el departamento mercantil de Ernst &amp; Young Abogados en Barcelona.Con posterioridad, ha desarrollado su carrera profesional en firmas como Garrigues y KPMG Abogados, asesorando a clientes [&hellip;]<\/p>\n","protected":false},"author":2,"featured_media":256,"parent":0,"menu_order":0,"comment_status":"closed","ping_status":"closed","template":"","meta":{"_et_pb_use_builder":"on","_et_pb_old_content":"","_et_gb_content_width":"","footnotes":""},"class_list":["post-270","page","type-page","status-publish","has-post-thumbnail","hentry"],"_links":{"self":[{"href":"https:\/\/abialegal.com\/en\/wp-json\/wp\/v2\/pages\/270","targetHints":{"allow":["GET"]}}],"collection":[{"href":"https:\/\/abialegal.com\/en\/wp-json\/wp\/v2\/pages"}],"about":[{"href":"https:\/\/abialegal.com\/en\/wp-json\/wp\/v2\/types\/page"}],"author":[{"embeddable":true,"href":"https:\/\/abialegal.com\/en\/wp-json\/wp\/v2\/users\/2"}],"replies":[{"embeddable":true,"href":"https:\/\/abialegal.com\/en\/wp-json\/wp\/v2\/comments?post=270"}],"version-history":[{"count":7,"href":"https:\/\/abialegal.com\/en\/wp-json\/wp\/v2\/pages\/270\/revisions"}],"predecessor-version":[{"id":1121,"href":"https:\/\/abialegal.com\/en\/wp-json\/wp\/v2\/pages\/270\/revisions\/1121"}],"wp:featuredmedia":[{"embeddable":true,"href":"https:\/\/abialegal.com\/en\/wp-json\/wp\/v2\/media\/256"}],"wp:attachment":[{"href":"https:\/\/abialegal.com\/en\/wp-json\/wp\/v2\/media?parent=270"}],"curies":[{"name":"wp","href":"https:\/\/api.w.org\/{rel}","templated":true}]}}