{"id":255,"date":"2024-05-08T11:23:12","date_gmt":"2024-05-08T11:23:12","guid":{"rendered":"https:\/\/abialegal.com\/?page_id=255"},"modified":"2024-09-11T08:28:01","modified_gmt":"2024-09-11T08:28:01","slug":"joaquin-de-juan-trujillo","status":"publish","type":"page","link":"https:\/\/abialegal.com\/en\/joaquin-de-juan-trujillo\/","title":{"rendered":"Joaqu\u00edn de Juan Trujillo"},"content":{"rendered":"<p>[et_pb_section fb_built=\u00bb1&#8243; admin_label=\u00bbHero\u00bb _builder_version=\u00bb4.17.6&#8243; _module_preset=\u00bbdefault\u00bb locked=\u00bboff\u00bb collapsed=\u00bbon\u00bb global_colors_info=\u00bb{}\u00bb][et_pb_row column_structure=\u00bb1_2,1_2&#8243; _builder_version=\u00bb4.25.0&#8243; _module_preset=\u00bb5138c454-be54-4233-bd3b-f8e6a8747976&#8243; locked=\u00bboff\u00bb global_colors_info=\u00bb{}\u00bb][et_pb_column type=\u00bb1_2&#8243; _builder_version=\u00bb4.23.1&#8243; _module_preset=\u00bb73121f80-a3ef-4484-8763-c3f18e3c56d2&#8243; global_colors_info=\u00bb{}\u00bb][et_pb_heading title=\u00bb\u25b7 Equipo ABIA Legal\u00bb _builder_version=\u00bb4.25.0&#8243; _module_preset=\u00bbf0c675ea-2574-4d0e-b725-30f8550a8550&#8243; title_level=\u00bbh4&#8243; title_font=\u00bbProza Libre|Cormorant Garamond_weight||on|||||\u00bb title_text_color=\u00bb#264653&#8243; title_font_size=\u00bb14px\u00bb title_letter_spacing=\u00bb1px\u00bb title_line_height=\u00bb1.4em\u00bb custom_margin=\u00bb||10px||false|false\u00bb title_font_size_tablet=\u00bb13px\u00bb title_font_size_phone=\u00bb13px\u00bb title_font_size_last_edited=\u00bbon|desktop\u00bb locked=\u00bboff\u00bb global_colors_info=\u00bb{%22#264653%22:%91%22title_text_color%22%93}\u00bb][\/et_pb_heading][et_pb_heading title=\u00bbJoaqui\u0301n de Juan Trujillo\u00bb _builder_version=\u00bb4.25.0&#8243; _module_preset=\u00bbddeb8c09-9078-4424-bc15-2efb6572e28e\u00bb title_font=\u00bbttramillas light|Cormorant Garamond_weight|||||||\u00bb title_text_color=\u00bb#002D70&#8243; title_font_size=\u00bb72px\u00bb title_line_height=\u00bb1.15em\u00bb title_font_size_tablet=\u00bb40px\u00bb title_font_size_phone=\u00bb24px\u00bb title_font_size_last_edited=\u00bbon|phone\u00bb locked=\u00bboff\u00bb global_colors_info=\u00bb{}\u00bb][\/et_pb_heading][et_pb_text quote_border_color=\u00bb#2a9d8f\u00bb _builder_version=\u00bb4.25.0&#8243; _module_preset=\u00bb2c55a9c4-feed-423b-9edb-ae0b5b365cac\u00bb text_font=\u00bb&#8211;et_global_body_font|Proza Libre_weight|||||||\u00bb text_text_color=\u00bb#3c3a47&#8243; text_font_size=\u00bb16px\u00bb text_line_height=\u00bb1.75em\u00bb link_font=\u00bb|Proza Libre_weight|||||||\u00bb link_text_color=\u00bb#264653&#8243; quote_font=\u00bbCormorant Garamond|Cormorant Garamond_weight|||||||\u00bb quote_text_color=\u00bb#0e0c19&#8243; header_font=\u00bbCormorant Garamond|Cormorant Garamond_weight|||||||\u00bb header_text_color=\u00bb#0e0c19&#8243; header_font_size=\u00bb72px\u00bb header_line_height=\u00bb1.15em\u00bb header_2_font=\u00bbCormorant Garamond|Cormorant Garamond_weight|||||||\u00bb header_2_text_color=\u00bb#0e0c19&#8243; header_2_font_size=\u00bb50px\u00bb header_2_line_height=\u00bb1.2em\u00bb header_3_font=\u00bbCormorant Garamond|Cormorant Garamond_weight|||||||\u00bb header_3_text_color=\u00bb#0e0c19&#8243; header_3_font_size=\u00bb32px\u00bb header_3_line_height=\u00bb1.3em\u00bb header_4_font=\u00bbCormorant Garamond|Cormorant Garamond_weight|||||||\u00bb header_4_text_color=\u00bb#0e0c19&#8243; header_4_font_size=\u00bb24px\u00bb header_4_line_height=\u00bb1.4em\u00bb header_5_font=\u00bbCormorant Garamond|Cormorant Garamond_weight|||||||\u00bb header_5_text_color=\u00bb#0e0c19&#8243; header_5_font_size=\u00bb18px\u00bb header_5_line_height=\u00bb1.4em\u00bb header_6_font=\u00bbCormorant Garamond|Cormorant Garamond_weight|||||||\u00bb header_6_text_color=\u00bb#0e0c19&#8243; header_6_line_height=\u00bb1.5em\u00bb custom_margin=\u00bb||||false|false\u00bb text_font_size_tablet=\u00bb15px\u00bb text_font_size_phone=\u00bb14px\u00bb text_font_size_last_edited=\u00bbon|phone\u00bb header_font_size_tablet=\u00bb40px\u00bb header_font_size_phone=\u00bb24px\u00bb header_font_size_last_edited=\u00bbon|desktop\u00bb header_2_font_size_tablet=\u00bb28px\u00bb header_2_font_size_phone=\u00bb20px\u00bb header_2_font_size_last_edited=\u00bbon|phone\u00bb header_3_font_size_tablet=\u00bb22px\u00bb header_3_font_size_phone=\u00bb17px\u00bb header_3_font_size_last_edited=\u00bbon|phone\u00bb header_4_font_size_tablet=\u00bb18px\u00bb header_4_font_size_phone=\u00bb15px\u00bb header_4_font_size_last_edited=\u00bbon|tablet\u00bb header_5_font_size_tablet=\u00bb15px\u00bb header_5_font_size_phone=\u00bb14px\u00bb header_5_font_size_last_edited=\u00bbon|desktop\u00bb header_6_font_size_tablet=\u00bb13px\u00bb header_6_font_size_phone=\u00bb13px\u00bb header_6_font_size_last_edited=\u00bbon|desktop\u00bb locked=\u00bboff\u00bb global_colors_info=\u00bb{}\u00bb]<\/p>\n<p>Joaqui\u0301n de Juan Trujillo es miembro y co-fundador de Abia Legal, experto en asesoramiento fiscal a empresas y grandes patrimonios.<\/p>\n<p>[\/et_pb_text][et_pb_button button_url=\u00bbmailto:joaquin.dejuan@abialegal.com\u00bb button_text=\u00bbContactar con Joaqu\u00edn\u00bb _builder_version=\u00bb4.25.0&#8243; _module_preset=\u00bb1bffc0fc-42a0-49d1-bd9a-ae3ade2d7206&#8243; custom_button=\u00bbon\u00bb button_text_size=\u00bb14px\u00bb button_text_color=\u00bb#FFFFFF\u00bb button_bg_color=\u00bb#002D70&#8243; button_border_width=\u00bb5px\u00bb button_border_color=\u00bb#002D70&#8243; button_border_radius=\u00bb100px\u00bb button_font=\u00bb&#8211;et_global_body_font|700|||||||\u00bb button_use_icon=\u00bboff\u00bb custom_padding=\u00bb12px|24px|12px|24px|true|true\u00bb locked=\u00bboff\u00bb global_colors_info=\u00bb{}\u00bb custom_padding__hover_enabled=\u00bboff|desktop\u00bb custom_padding__hover=\u00bb|28px||20px|true|false\u00bb][\/et_pb_button][\/et_pb_column][et_pb_column type=\u00bb1_2&#8243; _builder_version=\u00bb4.23.1&#8243; _module_preset=\u00bb73121f80-a3ef-4484-8763-c3f18e3c56d2&#8243; global_colors_info=\u00bb{}\u00bb][et_pb_image src=\u00bbhttps:\/\/abialegal.com\/wp-content\/uploads\/2024\/05\/Joaquin-de-Juan-Trujillo.webp\u00bb alt=\u00bbJoaqui\u0301n de Juan Trujillo\u00bb title_text=\u00bbJoaqui\u0301n de Juan Trujillo\u00bb _builder_version=\u00bb4.25.0&#8243; _module_preset=\u00bb6ed8fd5c-62c5-4100-98c3-7b8b6d2c2ee6&#8243; border_radii=\u00bbon|12px|12px|12px|12px\u00bb box_shadow_style=\u00bbpreset4&#8243; box_shadow_horizontal=\u00bb0px\u00bb box_shadow_vertical=\u00bb24px\u00bb box_shadow_blur=\u00bb72px\u00bb box_shadow_spread=\u00bb-12px\u00bb box_shadow_color=\u00bbrgba(0,0,0,0.12)\u00bb locked=\u00bboff\u00bb global_colors_info=\u00bb{}\u00bb][\/et_pb_image][\/et_pb_column][\/et_pb_row][\/et_pb_section][et_pb_section fb_built=\u00bb1&#8243; admin_label=\u00bbPerson Biography\u00bb _builder_version=\u00bb4.24.3&#8243; _module_preset=\u00bbdefault\u00bb global_colors_info=\u00bb{}\u00bb][et_pb_row column_structure=\u00bb1_3,2_3&#8243; _builder_version=\u00bb4.24.3&#8243; _module_preset=\u00bbdefault\u00bb global_colors_info=\u00bb{}\u00bb][et_pb_column type=\u00bb1_3&#8243; _builder_version=\u00bb4.24.3&#8243; _module_preset=\u00bbdefault\u00bb global_colors_info=\u00bb{}\u00bb][et_pb_image src=\u00bbhttps:\/\/abialegal.com\/wp-content\/uploads\/2024\/05\/Abogado-Joaquin-de-Juan-Trujillo.webp\u00bb alt=\u00bbAbogado Joaqui\u0301n de Juan Trujillo\u00bb title_text=\u00bbAbogado Joaqui\u0301n de Juan Trujillo\u00bb _builder_version=\u00bb4.25.0&#8243; _module_preset=\u00bb1cc6152f-565c-4c4d-b0c9-cf8c9576c341&#8243; border_radii=\u00bbon|6px|6px|6px|6px\u00bb box_shadow_style=\u00bbpreset3&#8243; box_shadow_vertical=\u00bb40px\u00bb box_shadow_blur=\u00bb112px\u00bb box_shadow_spread=\u00bb-24px\u00bb box_shadow_color=\u00bbrgba(0,0,0,0.12)\u00bb global_colors_info=\u00bb{}\u00bb][\/et_pb_image][\/et_pb_column][et_pb_column type=\u00bb2_3&#8243; _builder_version=\u00bb4.24.3&#8243; _module_preset=\u00bbdefault\u00bb global_colors_info=\u00bb{}\u00bb][et_pb_heading title=\u00bbJoaqui\u0301n de Juan Trujillo\u00bb _builder_version=\u00bb4.25.0&#8243; _module_preset=\u00bbba4a6336-701f-47b8-bf5c-09da0ce28016&#8243; title_level=\u00bbh3&#8243; title_font=\u00bbCormorant Garamond|Cormorant Garamond_weight|||||||\u00bb title_text_color=\u00bb#0e0c19&#8243; title_font_size=\u00bb32px\u00bb title_line_height=\u00bb1.3em\u00bb custom_margin=\u00bb||10px||false|false\u00bb title_font_size_tablet=\u00bb22px\u00bb title_font_size_phone=\u00bb17px\u00bb title_font_size_last_edited=\u00bbon|phone\u00bb global_colors_info=\u00bb{}\u00bb][\/et_pb_heading][et_pb_text _builder_version=\u00bb4.24.3&#8243; _module_preset=\u00bbdefault\u00bb global_colors_info=\u00bb{}\u00bb]<\/p>\n<p>Joaqu\u00edn de Juan es abogado desde 2007, cuando inici\u00f3 su carrera profesional en la firma Arbex Consultores, S.A. en Madrid, prestando servicios de asesoramiento fiscal continuado en todas sus vertientes, durante nueve a\u00f1os, a empresas, profesionales y grandes patrimonios.<\/p>\n<p>Con posterioridad, ha desarrollado su carrera profesional en firmas como Garrido Abogados y Mavens, asesorando a clientes nacionales e internacionales.<\/p>\n<p>En 2024 funda Abia Legal.<\/p>\n<p>[\/et_pb_text][et_pb_text _builder_version=\u00bb4.25.0&#8243; _module_preset=\u00bbdefault\u00bb global_colors_info=\u00bb{}\u00bb]<\/p>\n<p>Ha participado en el asesoramiento en numerosos procesos de reestructuraci\u00f3n de grupos societarios, pr\u00e1ctica en la que tiene una larga experiencia, as\u00ed como en el asesoramiento fiscal para la optimizaci\u00f3n de la fiscalidad directa, en materia de IRPF y Patrimonio, de profesionales y grandes patrimonios. Tambi\u00e9n cuenta con una gran experiencia en materia de asesoramiento fiscal y contable a empresas, para el cumplimiento de sus obligaciones en materia de fiscalidad directa e indirecta.<\/p>\n<p>Joaqu\u00edn es licenciado por la universidad Complutense (2005), y curs\u00f3 el Master de Asesor\u00eda Fiscal de la Universidad de Navarra en 2006.<b style=\"font-weight: normal;\"><\/b><\/p>\n<p>Adicionalmente, curs\u00f3 el Master de Gesti\u00f3n y Direcci\u00f3n Contable del Centro de Estudios Financieros (CEF) en 2011.<\/p>\n<p>Ha impartido clases de fiscalidad inmobiliaria en el Master de Acceso a la Abogac\u00eda del Centro Universitario Cardenal Cisneros.<\/p>\n<p>Breve identificaci\u00f3n de algunas operaciones de asesoramiento fiscal en las que ha participado Joaqu\u00edn:<b style=\"font-weight: normal;\"><\/b><\/p>\n<ul>\n<li style=\"font-weight: 400;\" aria-level=\"1\"><span style=\"font-weight: 400;\">Reestructuraci\u00f3n internacional de grupo dedicado a la producci\u00f3n y comercializaci\u00f3n de flores y ornamentos florales, con una valoraci\u00f3n de activos de 20.000.000.- euros (diciembre 2023).<\/span><\/li>\n<li style=\"font-weight: 400;\" aria-level=\"1\"><span style=\"font-weight: 400;\">Negociaci\u00f3n de un acuerdo entre una gestora de venture capital espa\u00f1ola y un fondo de deuda brit\u00e1nico, por un volumen estimado de 10.000.000.- euros (septiembre 2023).<\/span><\/li>\n<li style=\"font-weight: 400;\" aria-level=\"1\"><span style=\"font-weight: 400;\">Venta de la participaci\u00f3n de un family office espa\u00f1ol en sociedad farmac\u00e9utica, con un precio aproximado de 50.000.000.- euros (noviembre 2022).<\/span><\/li>\n<li style=\"font-weight: 400;\" aria-level=\"1\"><span style=\"font-weight: 400;\">Asesoramiento en la emisi\u00f3n de deuda corporativa de una sociedad espa\u00f1ola por un volumen aproximado de 125.000.000.- euros (junio 2022).<\/span><\/li>\n<li style=\"font-weight: 400;\" aria-level=\"1\"><span style=\"font-weight: 400;\">Venta de la participaci\u00f3n de los fundadores en una cadena de hoteles de \u00e1mbito nacional, con un precio aproximado de 15.000.000.- euros (julio 2020).<\/span><\/li>\n<\/ul>\n<p>&nbsp;<\/p>\n<p>[\/et_pb_text][\/et_pb_column][\/et_pb_row][\/et_pb_section]<\/p>\n","protected":false},"excerpt":{"rendered":"<p>Joaqui\u0301n de Juan Trujillo es miembro y co-fundador de Abia Legal, experto en asesoramiento fiscal a empresas y grandes patrimonios.Joaqu\u00edn de Juan es abogado desde 2007, cuando inici\u00f3 su carrera profesional en la firma Arbex Consultores, S.A. en Madrid, prestando servicios de asesoramiento fiscal continuado en todas sus vertientes, durante nueve a\u00f1os, a empresas, profesionales [&hellip;]<\/p>\n","protected":false},"author":2,"featured_media":256,"parent":0,"menu_order":0,"comment_status":"closed","ping_status":"closed","template":"","meta":{"_et_pb_use_builder":"on","_et_pb_old_content":"","_et_gb_content_width":"","footnotes":""},"class_list":["post-255","page","type-page","status-publish","has-post-thumbnail","hentry"],"_links":{"self":[{"href":"https:\/\/abialegal.com\/en\/wp-json\/wp\/v2\/pages\/255","targetHints":{"allow":["GET"]}}],"collection":[{"href":"https:\/\/abialegal.com\/en\/wp-json\/wp\/v2\/pages"}],"about":[{"href":"https:\/\/abialegal.com\/en\/wp-json\/wp\/v2\/types\/page"}],"author":[{"embeddable":true,"href":"https:\/\/abialegal.com\/en\/wp-json\/wp\/v2\/users\/2"}],"replies":[{"embeddable":true,"href":"https:\/\/abialegal.com\/en\/wp-json\/wp\/v2\/comments?post=255"}],"version-history":[{"count":5,"href":"https:\/\/abialegal.com\/en\/wp-json\/wp\/v2\/pages\/255\/revisions"}],"predecessor-version":[{"id":1123,"href":"https:\/\/abialegal.com\/en\/wp-json\/wp\/v2\/pages\/255\/revisions\/1123"}],"wp:featuredmedia":[{"embeddable":true,"href":"https:\/\/abialegal.com\/en\/wp-json\/wp\/v2\/media\/256"}],"wp:attachment":[{"href":"https:\/\/abialegal.com\/en\/wp-json\/wp\/v2\/media?parent=255"}],"curies":[{"name":"wp","href":"https:\/\/api.w.org\/{rel}","templated":true}]}}