{"id":189,"date":"2024-05-08T09:59:49","date_gmt":"2024-05-08T09:59:49","guid":{"rendered":"https:\/\/abialegal.com\/?page_id=189"},"modified":"2024-10-14T11:11:47","modified_gmt":"2024-10-14T11:11:47","slug":"derecho-de-los-negocios-en-madrid-y-ma","status":"publish","type":"page","link":"https:\/\/abialegal.com\/en\/derecho-de-los-negocios-en-madrid-y-ma\/","title":{"rendered":"Boutique law firm specialising in Business Law and M&amp;A"},"content":{"rendered":"<p>[et_pb_section fb_built=\u00bb1&#8243; fullwidth=\u00bbon\u00bb _builder_version=\u00bb4.25.0&#8243; _module_preset=\u00bbdefault\u00bb global_colors_info=\u00bb{}\u00bb][et_pb_fullwidth_header title=\u00bbAbia Legal\u00bb text_orientation=\u00bbcenter\u00bb header_scroll_down=\u00bbon\u00bb _builder_version=\u00bb4.27.2&#8243; _module_preset=\u00bbdefault\u00bb background_image=\u00bbhttps:\/\/abialegal.com\/wp-content\/uploads\/2024\/05\/Derecho-de-los-negocios-en-Madrid-1.webp\u00bb background_enable_video_mp4=\u00bboff\u00bb background_last_edited=\u00bbon|phone\u00bb background_image_phone=\u00bbhttps:\/\/abialegal.com\/wp-content\/uploads\/2024\/09\/Diseno-sin-titulo.jpg\u00bb background_enable_image_phone=\u00bbon\u00bb global_colors_info=\u00bb{}\u00bb][\/et_pb_fullwidth_header][\/et_pb_section][et_pb_section fb_built=\u00bb1&#8243; _builder_version=\u00bb4.25.0&#8243; _module_preset=\u00bbdefault\u00bb background_image=\u00bbhttps:\/\/abialegal.com\/wp-content\/uploads\/2024\/05\/Boutique-legal-especializada-en-derecho-de-los-negocios-y-MA.webp.webp\u00bb custom_padding=\u00bb188px||188px||true|\u00bb global_colors_info=\u00bb{}\u00bb][et_pb_row column_structure=\u00bb2_5,3_5&#8243; make_equal=\u00bbon\u00bb _builder_version=\u00bb4.25.0&#8243; _module_preset=\u00bbdefault\u00bb global_colors_info=\u00bb{}\u00bb][et_pb_column type=\u00bb2_5&#8243; _builder_version=\u00bb4.25.0&#8243; _module_preset=\u00bbdefault\u00bb custom_css_main_element=\u00bbdisplay: flex;||flex-direction: column;||justify-content: center;\u00bb global_colors_info=\u00bb{}\u00bb][et_pb_text _builder_version=\u00bb4.25.0&#8243; _module_preset=\u00bbdefault\u00bb header_font=\u00bb||||||||\u00bb header_font_size=\u00bb12px\u00bb header_2_text_color=\u00bb#002D70&#8243; header_2_font_size=\u00bb49px\u00bb header_2_font_size_tablet=\u00bb49px\u00bb header_2_font_size_phone=\u00bb33px\u00bb header_2_font_size_last_edited=\u00bbon|desktop\u00bb global_colors_info=\u00bb{}\u00bb]<\/p>\n<h1><span style=\"color: #ffffff;\">Derecho de los negocios en Madrid<\/span><\/h1>\n<h2>Boutique legal especializada en Derecho de los Negocios y M&amp;A<\/h2>\n<p>[\/et_pb_text][\/et_pb_column][et_pb_column type=\u00bb3_5&#8243; _builder_version=\u00bb4.25.0&#8243; _module_preset=\u00bbdefault\u00bb global_colors_info=\u00bb{}\u00bb][et_pb_text _builder_version=\u00bb4.27.0&#8243; _module_preset=\u00bbdefault\u00bb link_text_color=\u00bb#4c4c4c\u00bb text_orientation=\u00bbjustified\u00bb custom_padding=\u00bb0px|||||\u00bb global_colors_info=\u00bb{}\u00bb]<\/p>\n<p>Abia Legal es una firma independiente de abogados fundada en 2024 por Carlos Romero y Joaqu\u00edn de Juan, especializada en el asesoramiento mercantil y fiscal, en el \u00e1mbito del derecho de los negocios y la gesti\u00f3n de patrimonios.<\/p>\n<p>En <a href=\"https:\/\/abialegal.com\/\"><strong>Abia Legal<\/strong><\/a> ofrecemos una estructura flexible y \u00e1gil, que se traduce en un servicio jur\u00eddico pr\u00e1ctico y orientado a resultados, totalmente alineado con las necesidades e intereses de nuestros clientes, con quienes pretendemos crecer y forjar v\u00ednculos duraderos, y situando la excelencia en fondo y forma en el centro de nuestra personalidad como firma de servicios.<\/p>\n<p>Nuestras \u00e1reas de pr\u00e1ctica trabajan juntas de manera coordinada, integrando un solo equipo, y la colaboraci\u00f3n con diferentes firmas de asesoramiento amigas nos permiten ofrecer a nuestros clientes un servicio integral, capaz de ofrecer un asesoramiento unitario respecto de cualesquiera necesidades que puedan tener.<\/p>\n<p>Combinamos una larga experiencia en las \u00e1reas de M&amp;A, mercantil, derecho societario, <a href=\"https:\/\/abialegal.com\/expertos-en-asesoramiento-fiscal-a-empresas-en-madrid\/\">fiscal<\/a> y contable, con un profundo conocimiento sectorial y una atenci\u00f3n continua a la producci\u00f3n normativa, jurisprudencial y administrativa en todo aquello que pueda afectar a nuestros clientes.<\/p>\n<p>[\/et_pb_text][\/et_pb_column][\/et_pb_row][\/et_pb_section][et_pb_section fb_built=\u00bb1&#8243; _builder_version=\u00bb4.25.0&#8243; _module_preset=\u00bb3bbc5c01-a96b-42e5-aa22-899b88c0ad82&#8243; global_colors_info=\u00bb{}\u00bb][et_pb_row _builder_version=\u00bb4.25.0&#8243; _module_preset=\u00bbdefault\u00bb global_colors_info=\u00bb{}\u00bb][et_pb_column type=\u00bb4_4&#8243; _builder_version=\u00bb4.25.0&#8243; _module_preset=\u00bbdefault\u00bb global_colors_info=\u00bb{}\u00bb][et_pb_text _builder_version=\u00bb4.25.0&#8243; _module_preset=\u00bb6244ebdc-e0ff-4bd7-8a16-4ce10a070d67&#8243; global_colors_info=\u00bb{}\u00bb]<\/p>\n<blockquote>\n<p>Asesoramiento mercantil y fiscal, en el \u00e1mbito del derecho de los negocios y la gesti\u00f3n de patrimonios.<\/p>\n<\/blockquote>\n<p>[\/et_pb_text][\/et_pb_column][\/et_pb_row][\/et_pb_section][et_pb_section fb_built=\u00bb1&#8243; _builder_version=\u00bb4.25.0&#8243; _module_preset=\u00bbdefault\u00bb background_color=\u00bb#002D70&#8243; custom_padding=\u00bb99px||99px||true|\u00bb global_module=\u00bb187&#8243; saved_tabs=\u00bball\u00bb global_colors_info=\u00bb{}\u00bb][et_pb_row column_structure=\u00bb1_3,1_3,1_3&#8243; _builder_version=\u00bb4.25.0&#8243; _module_preset=\u00bbdefault\u00bb global_colors_info=\u00bb{}\u00bb][et_pb_column type=\u00bb1_3&#8243; _builder_version=\u00bb4.25.0&#8243; _module_preset=\u00bbdefault\u00bb border_width_top=\u00bb7px\u00bb border_color_top=\u00bb#FFFFFF\u00bb global_colors_info=\u00bb{}\u00bb][et_pb_text _builder_version=\u00bb4.27.0&#8243; _module_preset=\u00bbdefault\u00bb text_text_color=\u00bb#8A8A8A\u00bb link_text_color=\u00bb#FFFFFF\u00bb header_3_text_color=\u00bb#FFFFFF\u00bb custom_margin=\u00bb25px||25px||true|false\u00bb global_colors_info=\u00bb{}\u00bb]<\/p>\n<h3><strong>Fiscal<\/strong><\/h3>\n<ul>\n<li><strong><a href=\"https:\/\/abialegal.com\/expertos-en-asesoramiento-fiscal-a-empresas-en-madrid\/\"> Fiscalidad corporativa directa <\/a><\/strong><\/li>\n<li><strong><a href=\"https:\/\/abialegal.com\/servicios-de-asesoramiento-para-el-irpf\/\">IRPF<\/a><\/strong><\/li>\n<li><strong><a href=\"https:\/\/abialegal.com\/optimizacion-del-impuesto-de-las-grandes-fortunas\/\">Impuesto sobre el patrimonio<\/a><\/strong><\/li>\n<li><strong><a href=\"https:\/\/abialegal.com\/optimizacion-del-impuesto-de-las-grandes-fortunas\/\">Impuesto de solidaridad de las Grandes Fortunas<\/a><\/strong><\/li>\n<li><strong><a href=\"https:\/\/abialegal.com\/abogados-expertos-en-fiscalidad-internacional\/\">Fiscalidad Internacional<\/a><\/strong><\/li>\n<li><strong><a href=\"https:\/\/abialegal.com\/expertos-en-impuesto-de-sociedades-en-madrid\/\">Impuesto sobre Sociedades<\/a><\/strong><\/li>\n<li><strong><a href=\"https:\/\/abialegal.com\/asesoramiento-en-materia-de-impuestos-indirectos\/\">Impuestos indirectos<\/a><\/strong><\/li>\n<li><strong><a href=\"https:\/\/abialegal.com\/Abogados-para-Recursos-contencioso-tributarios\/\">Procedimientos ante la administraci\u00f3n tributaria<\/a><\/strong><\/li>\n<\/ul>\n<p>[\/et_pb_text][\/et_pb_column][et_pb_column type=\u00bb1_3&#8243; _builder_version=\u00bb4.25.0&#8243; _module_preset=\u00bbdefault\u00bb border_width_top=\u00bb7px\u00bb border_color_top=\u00bb#FFFFFF\u00bb global_colors_info=\u00bb{}\u00bb][et_pb_text _builder_version=\u00bb4.27.2&#8243; _module_preset=\u00bbdefault\u00bb text_text_color=\u00bb#8A8A8A\u00bb link_text_color=\u00bb#FFFFFF\u00bb header_3_font=\u00bb|700|||||||\u00bb header_3_text_color=\u00bb#FFFFFF\u00bb custom_margin=\u00bb25px||25px||true|false\u00bb global_colors_info=\u00bb{}\u00bb]<\/p>\n<h3>Mercantil &amp; M&amp;A<\/h3>\n<ul>\n<li><strong><a href=\"https:\/\/abialegal.com\/asesoramiento-en-operaciones-de-adquisicion-de-sociedades\/\">M&amp;A<\/a><\/strong><\/li>\n<li><strong><a href=\"https:\/\/abialegal.com\/asesoramiento-contractual-para-empresas-madrid\/\">Asesoramiento contractual<\/a><\/strong><\/li>\n<li><strong><a href=\"https:\/\/abialegal.com\/asesoramiento-societario-para-empresas-en-madrid\/\">Asesoramiento societario<\/a><\/strong><\/li>\n<li><strong><a href=\"https:\/\/abialegal.com\/abogados-expertos-en-refinanciacion-de-empresas\/\">Refinanciaciones<\/a><\/strong><\/li>\n<li><strong><a href=\"https:\/\/abialegal.com\/expertos-derecho-inmobiliario-madrid\/\">Inmobiliario<\/a><\/strong><\/li>\n<li><strong><a href=\"https:\/\/abialegal.com\/despacho-mercantil-especialista-en-startups\/\">Startups<\/a><\/strong><\/li>\n<\/ul>\n<p>[\/et_pb_text][\/et_pb_column][et_pb_column type=\u00bb1_3&#8243; _builder_version=\u00bb4.25.0&#8243; _module_preset=\u00bbdefault\u00bb border_color_top=\u00bb#FFFFFF\u00bb global_colors_info=\u00bb{}\u00bb][et_pb_image src=\u00bbhttps:\/\/abialegal.com\/wp-content\/uploads\/2024\/04\/ABIA-LEGAL.webp\u00bb alt=\u00bbABIA LEGAL\u00bb title_text=\u00bbABIA LEGAL\u00bb align=\u00bbcenter\u00bb _builder_version=\u00bb4.25.0&#8243; _module_preset=\u00bbdefault\u00bb width=\u00bb50%\u00bb custom_margin=\u00bb25px||25px||true|false\u00bb filter_brightness=\u00bb0%\u00bb filter_contrast=\u00bb200%\u00bb filter_invert=\u00bb100%\u00bb global_colors_info=\u00bb{}\u00bb][\/et_pb_image][et_pb_text _builder_version=\u00bb4.25.0&#8243; _module_preset=\u00bbdefault\u00bb link_text_color=\u00bb#FFFFFF\u00bb global_colors_info=\u00bb{}\u00bb]<\/p>\n<p style=\"text-align: center;\"><a href=\"mailto:info@abialegal.com\">info@abialegal.com<\/a><\/p>\n<p style=\"text-align: center;\"><a href=\"https:\/\/abialegal.com\/derecho-de-los-negocios-en-madrid-y-ma\/\" target=\"_blank\" rel=\"noopener\">Abia Legal<\/a><\/p>\n<p>[\/et_pb_text][\/et_pb_column][\/et_pb_row][\/et_pb_section]<\/p>\n","protected":false},"excerpt":{"rendered":"<p>Derecho de los negocios en Madrid Boutique legal especializada en Derecho de los Negocios y M&amp;AAbia Legal es una firma independiente de abogados fundada en 2024 por Carlos Romero y Joaqu\u00edn de Juan, especializada en el asesoramiento mercantil y fiscal, en el \u00e1mbito del derecho de los negocios y la gesti\u00f3n de patrimonios. En Abia [&hellip;]<\/p>\n","protected":false},"author":2,"featured_media":231,"parent":0,"menu_order":0,"comment_status":"closed","ping_status":"closed","template":"","meta":{"_et_pb_use_builder":"on","_et_pb_old_content":"","_et_gb_content_width":"","footnotes":""},"class_list":["post-189","page","type-page","status-publish","has-post-thumbnail","hentry"],"_links":{"self":[{"href":"https:\/\/abialegal.com\/en\/wp-json\/wp\/v2\/pages\/189","targetHints":{"allow":["GET"]}}],"collection":[{"href":"https:\/\/abialegal.com\/en\/wp-json\/wp\/v2\/pages"}],"about":[{"href":"https:\/\/abialegal.com\/en\/wp-json\/wp\/v2\/types\/page"}],"author":[{"embeddable":true,"href":"https:\/\/abialegal.com\/en\/wp-json\/wp\/v2\/users\/2"}],"replies":[{"embeddable":true,"href":"https:\/\/abialegal.com\/en\/wp-json\/wp\/v2\/comments?post=189"}],"version-history":[{"count":17,"href":"https:\/\/abialegal.com\/en\/wp-json\/wp\/v2\/pages\/189\/revisions"}],"predecessor-version":[{"id":1136,"href":"https:\/\/abialegal.com\/en\/wp-json\/wp\/v2\/pages\/189\/revisions\/1136"}],"wp:featuredmedia":[{"embeddable":true,"href":"https:\/\/abialegal.com\/en\/wp-json\/wp\/v2\/media\/231"}],"wp:attachment":[{"href":"https:\/\/abialegal.com\/en\/wp-json\/wp\/v2\/media?parent=189"}],"curies":[{"name":"wp","href":"https:\/\/api.w.org\/{rel}","templated":true}]}}