{"id":166,"date":"2024-04-30T12:41:26","date_gmt":"2024-04-30T12:41:26","guid":{"rendered":"https:\/\/abialegal.com\/?page_id=166"},"modified":"2024-11-12T11:14:12","modified_gmt":"2024-11-12T11:14:12","slug":"expertos-en-asesoramiento-fiscal-a-empresas-en-madrid","status":"publish","type":"page","link":"https:\/\/abialegal.com\/en\/expertos-en-asesoramiento-fiscal-a-empresas-en-madrid\/","title":{"rendered":"Expertos en asesoramiento fiscal a empresas en Madrid"},"content":{"rendered":"<p>[et_pb_section fb_built=\u00bb1&#8243; next_background_color=\u00bb#002D70&#8243; _builder_version=\u00bb4.25.0&#8243; _module_preset=\u00bbdefault\u00bb background_color=\u00bb#f7f7f7&#8243; custom_padding=\u00bb110px||110px||true|\u00bb bottom_divider_style=\u00bbarrow2&#8243; global_colors_info=\u00bb{}\u00bb][et_pb_row _builder_version=\u00bb4.25.0&#8243; _module_preset=\u00bbdefault\u00bb width=\u00bb90%\u00bb max_width=\u00bb90%\u00bb global_colors_info=\u00bb{}\u00bb][et_pb_column type=\u00bb4_4&#8243; _builder_version=\u00bb4.25.0&#8243; _module_preset=\u00bbdefault\u00bb global_colors_info=\u00bb{}\u00bb][et_pb_text _builder_version=\u00bb4.25.0&#8243; _module_preset=\u00bbdefault\u00bb header_2_font=\u00bb|700|||||||\u00bb header_2_text_color=\u00bb#002D70&#8243; header_2_font_size=\u00bb46px\u00bb header_2_font_size_tablet=\u00bb46px\u00bb header_2_font_size_phone=\u00bb30px\u00bb header_2_font_size_last_edited=\u00bbon|phone\u00bb global_colors_info=\u00bb{}\u00bb]<\/p>\n<h2 style=\"text-align: center;\">Abogados especializados en impuestos<!-- notionvc: 354e1415-e83b-40ec-8057-3c53af4cbb67 --><\/h2>\n<p>[\/et_pb_text][et_pb_tabs _builder_version=\u00bb4.27.3&#8243; _module_preset=\u00bbdefault\u00bb hover_enabled=\u00bb0&#8243; global_colors_info=\u00bb{}\u00bb sticky_enabled=\u00bb0&#8243;][et_pb_tab title=\u00bbIRPF\u00bb _builder_version=\u00bb4.25.0&#8243; _module_preset=\u00bbdefault\u00bb global_colors_info=\u00bb{}\u00bb]<\/p>\n<ul>\n<li>Asesoramiento y elaboracion declaraciones complejas<\/li>\n<li>Modelo 720<\/li>\n<li>Fiscalidad de Opciones y futuros<\/li>\n<li>Fiscalidad de Trading<\/li>\n<li>Fiscalidad de criptoactivos<\/li>\n<li>Estrategias fiscales en IRPF<\/li>\n<li>Comunidades de Bienes<\/li>\n<\/ul>\n<p>[\/et_pb_tab][et_pb_tab title=\u00bbIP e ITSGF\u00bb _builder_version=\u00bb4.25.0&#8243; _module_preset=\u00bbdefault\u00bb global_colors_info=\u00bb{}\u00bb]<\/p>\n<ul>\n<li>Optimizacion del Impuesto de Patrimonio <\/li>\n<li>Optimizacion del Impuesto de las Grandes Fortunas <\/li>\n<li>An\u00e1lisis de cumplimiento de requisitos de empresa familiar <\/li>\n<li>Dise\u00f1o de procesos de reestructuracion y M&amp;A <\/li>\n<li>Dise\u00f1o de modificaciones estructurales<\/li>\n<\/ul>\n<p>[\/et_pb_tab][et_pb_tab title=\u00bbInternacional\u00bb _builder_version=\u00bb4.25.0&#8243; _module_preset=\u00bbdefault\u00bb global_colors_info=\u00bb{}\u00bb]<\/p>\n<ul>\n<li>Cumplimiento de obligaciones fiscales de no residentes<\/li>\n<li>Interpretaci\u00f3n y aplicaci\u00f3n de Convenios de Doble Imposici\u00f3n<\/li>\n<li>R\u00e9gimen de trabajadores desplazados a territorio espa\u00f1ol<\/li>\n<li>Ley Beckham<\/li>\n<li>Fiscalidad de n\u00f3madas digitales<\/li>\n<li>Entidades de Tenencia de Valores en el Extranjero<\/li>\n<li>Golden Visa<\/li>\n<\/ul>\n<p>[\/et_pb_tab][et_pb_tab title=\u00bbImpuesto de Sociedades\u00bb _builder_version=\u00bb4.25.0&#8243; _module_preset=\u00bbdefault\u00bb global_colors_info=\u00bb{}\u00bb]<\/p>\n<ul>\n<li>Asesoramiento y optimizaci\u00f3n de impuesto de sociedades <\/li>\n<li>Fiscalidad de UTEs y Agrupaciones de Inter\u00e9s Econ\u00f3mico <\/li>\n<li>Fiscalidad de las Partnership <\/li>\n<li>Asesoramiento contable a Pymes <\/li>\n<li>R\u00e9gimen de consolidaci\u00f3n fiscal <\/li>\n<li>Asesoramiento fiscal en operaciones de reestructuraci\u00f3n <\/li>\n<li>Entidades dedicadas al arrendamiento de viviendas <\/li>\n<li>Transparencia fiscal internacional <\/li>\n<li>R\u00e9gimen fiscal de la miner\u00eda <\/li>\n<li>R\u00e9gimen de las entidades navieras en funci\u00f3n del tonelaje <\/li>\n<li>R\u00e9gimen de las Entidades de Capital<\/li>\n<li>Riesgo e Instituciones de Inversi\u00f3n Colectiva <\/li>\n<li>Fiscalidad de Asociaciones de Utilidad P\u00fablica y Fundaciones, acogidas al r\u00e9gimen especial de incentivos fiscales al mecenazgo<\/li>\n<\/ul>\n<p>[\/et_pb_tab][et_pb_tab title=\u00bbImpuestos Indirectos\u00bb _builder_version=\u00bb4.27.3&#8243; _module_preset=\u00bbdefault\u00bb hover_enabled=\u00bb0&#8243; global_colors_info=\u00bb{}\u00bb sticky_enabled=\u00bb0&#8243;]<\/p>\n<ul>\n<li>Asesoramiento fiscal continuado en el Impuesto sobre el Valor A\u00f1adido<\/li>\n<li>Asesoramiento en el Impuesto de Transmisiones Patrimoniales<\/li>\n<li>Asesoramiento en el Impuesto de Actos Jur\u00eddicos Documentados<\/li>\n<li>IVA Inmobiliario<\/li>\n<li>Operaciones triangulares<\/li>\n<li>Reg\u00edmenes especiales de IVA<\/li>\n<li>Dise\u00f1o y asesoramiento en el R\u00e9gimen de Grupo de IVA Ordinario y Avanzado<\/li>\n<\/ul>\n<p>[\/et_pb_tab][et_pb_tab title=\u00bbProcedimientos AT\u00bb _builder_version=\u00bb4.25.0&#8243; _module_preset=\u00bbdefault\u00bb global_colors_info=\u00bb{}\u00bb]<\/p>\n<ul>\n<li>Procedimientos ante la administraci\u00f3n tributaria<\/li>\n<li>Asistencia en comprobaciones limitadas<\/li>\n<li>Asistencia en procedimientos de Inspecci\u00f3n<\/li>\n<li>Asistencia en procedimientos de Recaudaci\u00f3n<\/li>\n<li>Reclamaciones Econ\u00f3mico-Administrativas<\/li>\n<li>Recursos contencioso tributarios<\/li>\n<\/ul>\n<p>[\/et_pb_tab][\/et_pb_tabs][\/et_pb_column][\/et_pb_row][et_pb_row _builder_version=\u00bb4.27.0&#8243; _module_preset=\u00bbdefault\u00bb global_colors_info=\u00bb{}\u00bb][et_pb_column type=\u00bb4_4&#8243; _builder_version=\u00bb4.27.0&#8243; _module_preset=\u00bbdefault\u00bb global_colors_info=\u00bb{}\u00bb][et_pb_button button_url=\u00bbhttps:\/\/abialegal.com\/joaquin-de-juan-trujillo\/\u00bb button_text=\u00bbVer perfil\u00bb button_alignment=\u00bbcenter\u00bb _builder_version=\u00bb4.27.0&#8243; _module_preset=\u00bbdefault\u00bb global_colors_info=\u00bb{}\u00bb][\/et_pb_button][\/et_pb_column][\/et_pb_row][\/et_pb_section][et_pb_section fb_built=\u00bb1&#8243; _builder_version=\u00bb4.25.0&#8243; _module_preset=\u00bbdefault\u00bb background_color=\u00bb#002D70&#8243; custom_padding=\u00bb99px||99px||true|\u00bb global_module=\u00bb187&#8243; saved_tabs=\u00bball\u00bb global_colors_info=\u00bb{}\u00bb][et_pb_row column_structure=\u00bb1_3,1_3,1_3&#8243; _builder_version=\u00bb4.25.0&#8243; _module_preset=\u00bbdefault\u00bb global_colors_info=\u00bb{}\u00bb][et_pb_column type=\u00bb1_3&#8243; _builder_version=\u00bb4.25.0&#8243; _module_preset=\u00bbdefault\u00bb border_width_top=\u00bb7px\u00bb border_color_top=\u00bb#FFFFFF\u00bb global_colors_info=\u00bb{}\u00bb][et_pb_text _builder_version=\u00bb4.27.0&#8243; _module_preset=\u00bbdefault\u00bb text_text_color=\u00bb#8A8A8A\u00bb link_text_color=\u00bb#FFFFFF\u00bb header_3_text_color=\u00bb#FFFFFF\u00bb custom_margin=\u00bb25px||25px||true|false\u00bb global_colors_info=\u00bb{}\u00bb]<\/p>\n<h3><strong>Fiscal<\/strong><\/h3>\n<ul>\n<li><strong><a href=\"https:\/\/abialegal.com\/expertos-en-asesoramiento-fiscal-a-empresas-en-madrid\/\"> Fiscalidad corporativa directa <\/a><\/strong><\/li>\n<li><strong><a href=\"https:\/\/abialegal.com\/servicios-de-asesoramiento-para-el-irpf\/\">IRPF<\/a><\/strong><\/li>\n<li><strong><a href=\"https:\/\/abialegal.com\/optimizacion-del-impuesto-de-las-grandes-fortunas\/\">Impuesto sobre el patrimonio<\/a><\/strong><\/li>\n<li><strong><a href=\"https:\/\/abialegal.com\/optimizacion-del-impuesto-de-las-grandes-fortunas\/\">Impuesto de solidaridad de las Grandes Fortunas<\/a><\/strong><\/li>\n<li><strong><a href=\"https:\/\/abialegal.com\/abogados-expertos-en-fiscalidad-internacional\/\">Fiscalidad Internacional<\/a><\/strong><\/li>\n<li><strong><a href=\"https:\/\/abialegal.com\/expertos-en-impuesto-de-sociedades-en-madrid\/\">Impuesto sobre Sociedades<\/a><\/strong><\/li>\n<li><strong><a href=\"https:\/\/abialegal.com\/asesoramiento-en-materia-de-impuestos-indirectos\/\">Impuestos indirectos<\/a><\/strong><\/li>\n<li><strong><a href=\"https:\/\/abialegal.com\/Abogados-para-Recursos-contencioso-tributarios\/\">Procedimientos ante la administraci\u00f3n tributaria<\/a><\/strong><\/li>\n<\/ul>\n<p>[\/et_pb_text][\/et_pb_column][et_pb_column type=\u00bb1_3&#8243; _builder_version=\u00bb4.25.0&#8243; _module_preset=\u00bbdefault\u00bb border_width_top=\u00bb7px\u00bb border_color_top=\u00bb#FFFFFF\u00bb global_colors_info=\u00bb{}\u00bb][et_pb_text _builder_version=\u00bb4.27.2&#8243; _module_preset=\u00bbdefault\u00bb text_text_color=\u00bb#8A8A8A\u00bb link_text_color=\u00bb#FFFFFF\u00bb header_3_font=\u00bb|700|||||||\u00bb header_3_text_color=\u00bb#FFFFFF\u00bb custom_margin=\u00bb25px||25px||true|false\u00bb global_colors_info=\u00bb{}\u00bb]<\/p>\n<h3>Mercantil &amp; M&amp;A<\/h3>\n<ul>\n<li><strong><a href=\"https:\/\/abialegal.com\/asesoramiento-en-operaciones-de-adquisicion-de-sociedades\/\">M&amp;A<\/a><\/strong><\/li>\n<li><strong><a href=\"https:\/\/abialegal.com\/asesoramiento-contractual-para-empresas-madrid\/\">Asesoramiento contractual<\/a><\/strong><\/li>\n<li><strong><a href=\"https:\/\/abialegal.com\/asesoramiento-societario-para-empresas-en-madrid\/\">Asesoramiento societario<\/a><\/strong><\/li>\n<li><strong><a href=\"https:\/\/abialegal.com\/abogados-expertos-en-refinanciacion-de-empresas\/\">Refinanciaciones<\/a><\/strong><\/li>\n<li><strong><a href=\"https:\/\/abialegal.com\/expertos-derecho-inmobiliario-madrid\/\">Inmobiliario<\/a><\/strong><\/li>\n<li><strong><a href=\"https:\/\/abialegal.com\/despacho-mercantil-especialista-en-startups\/\">Startups<\/a><\/strong><\/li>\n<\/ul>\n<p>[\/et_pb_text][\/et_pb_column][et_pb_column type=\u00bb1_3&#8243; _builder_version=\u00bb4.25.0&#8243; _module_preset=\u00bbdefault\u00bb border_color_top=\u00bb#FFFFFF\u00bb global_colors_info=\u00bb{}\u00bb][et_pb_image src=\u00bbhttps:\/\/abialegal.com\/wp-content\/uploads\/2024\/04\/ABIA-LEGAL.webp\u00bb alt=\u00bbABIA LEGAL\u00bb title_text=\u00bbABIA LEGAL\u00bb align=\u00bbcenter\u00bb _builder_version=\u00bb4.25.0&#8243; _module_preset=\u00bbdefault\u00bb width=\u00bb50%\u00bb custom_margin=\u00bb25px||25px||true|false\u00bb filter_brightness=\u00bb0%\u00bb filter_contrast=\u00bb200%\u00bb filter_invert=\u00bb100%\u00bb global_colors_info=\u00bb{}\u00bb][\/et_pb_image][et_pb_text _builder_version=\u00bb4.25.0&#8243; _module_preset=\u00bbdefault\u00bb link_text_color=\u00bb#FFFFFF\u00bb global_colors_info=\u00bb{}\u00bb]<\/p>\n<p style=\"text-align: center;\"><a href=\"mailto:info@abialegal.com\">info@abialegal.com<\/a><\/p>\n<p style=\"text-align: center;\"><a href=\"https:\/\/abialegal.com\/derecho-de-los-negocios-en-madrid-y-ma\/\" target=\"_blank\" rel=\"noopener\">Abia Legal<\/a><\/p>\n<p>[\/et_pb_text][\/et_pb_column][\/et_pb_row][\/et_pb_section]<\/p>\n","protected":false},"excerpt":{"rendered":"<p>Abogados especializados en impuestos Asesoramiento y elaboracion declaraciones complejas Modelo 720 Fiscalidad de Opciones y futuros Fiscalidad de Trading Fiscalidad de criptoactivos Estrategias fiscales en IRPF Comunidades de Bienes Optimizacion del Impuesto de Patrimonio Optimizacion del Impuesto de las Grandes Fortunas An\u00e1lisis de cumplimiento de requisitos de empresa familiar Dise\u00f1o de procesos de reestructuracion y [&hellip;]<\/p>\n","protected":false},"author":2,"featured_media":167,"parent":0,"menu_order":0,"comment_status":"closed","ping_status":"closed","template":"","meta":{"_et_pb_use_builder":"on","_et_pb_old_content":"","_et_gb_content_width":"","footnotes":""},"class_list":["post-166","page","type-page","status-publish","has-post-thumbnail","hentry"],"_links":{"self":[{"href":"https:\/\/abialegal.com\/en\/wp-json\/wp\/v2\/pages\/166","targetHints":{"allow":["GET"]}}],"collection":[{"href":"https:\/\/abialegal.com\/en\/wp-json\/wp\/v2\/pages"}],"about":[{"href":"https:\/\/abialegal.com\/en\/wp-json\/wp\/v2\/types\/page"}],"author":[{"embeddable":true,"href":"https:\/\/abialegal.com\/en\/wp-json\/wp\/v2\/users\/2"}],"replies":[{"embeddable":true,"href":"https:\/\/abialegal.com\/en\/wp-json\/wp\/v2\/comments?post=166"}],"version-history":[{"count":15,"href":"https:\/\/abialegal.com\/en\/wp-json\/wp\/v2\/pages\/166\/revisions"}],"predecessor-version":[{"id":1154,"href":"https:\/\/abialegal.com\/en\/wp-json\/wp\/v2\/pages\/166\/revisions\/1154"}],"wp:featuredmedia":[{"embeddable":true,"href":"https:\/\/abialegal.com\/en\/wp-json\/wp\/v2\/media\/167"}],"wp:attachment":[{"href":"https:\/\/abialegal.com\/en\/wp-json\/wp\/v2\/media?parent=166"}],"curies":[{"name":"wp","href":"https:\/\/api.w.org\/{rel}","templated":true}]}}