{"id":1027,"date":"2024-09-05T11:46:34","date_gmt":"2024-09-05T11:46:34","guid":{"rendered":"https:\/\/abialegal.com\/?page_id=1027"},"modified":"2024-09-05T11:46:44","modified_gmt":"2024-09-05T11:46:44","slug":"blog","status":"publish","type":"page","link":"https:\/\/abialegal.com\/en\/blog\/","title":{"rendered":"Blog"},"content":{"rendered":"<p>[et_pb_section fb_built=\u00bb1&#8243; _builder_version=\u00bb4.27.0&#8243; _module_preset=\u00bbdefault\u00bb custom_padding=\u00bb60px||60px||true|false\u00bb hover_enabled=\u00bb0&#8243; locked=\u00bboff\u00bb global_colors_info=\u00bb{}\u00bb sticky_enabled=\u00bb0&#8243;][et_pb_row _builder_version=\u00bb4.22.2&#8243; _module_preset=\u00bbdefault\u00bb custom_padding=\u00bb0px||0px||true|false\u00bb global_colors_info=\u00bb{}\u00bb][et_pb_column type=\u00bb4_4&#8243; _builder_version=\u00bb4.22.2&#8243; _module_preset=\u00bbdefault\u00bb global_colors_info=\u00bb{}\u00bb][dipl_blog_slider slider_layout=\u00bblayout3&#8243; excerpt_length=\u00bb100&#8243; show_author=\u00bboff\u00bb show_date=\u00bboff\u00bb show_categories=\u00bboff\u00bb show_comments=\u00bboff\u00bb post_content_wrapper_background_color=\u00bb#262626&#8243; slider_container_custom_padding=\u00bb||||false|false\u00bb slide_effect=\u00bbcoverflow\u00bb space_between_slides=\u00bb50px\u00bb equalize_posts_height=\u00bboff\u00bb auto_height_slider=\u00bbon\u00bb slider_loop=\u00bbon\u00bb pause_on_hover=\u00bboff\u00bb previous_slide_arrow=\u00bb&#xf104;||fa||900&#8243; next_slide_arrow=\u00bb&#xf105;||fa||900&#8243; show_arrow_on_hover=\u00bbon\u00bb enable_dynamic_dots=\u00bbon\u00bb arrow_font_size=\u00bb40px\u00bb arrow_color=\u00bb#D19F68&#8243; control_dot_active_color=\u00bb#D19F68&#8243; control_dot_inactive_color=\u00bbrgba(209,159,104,0.4)\u00bb post_per_slide_tablet=\u00bb1&#8243; post_per_slide_phone=\u00bb1&#8243; post_per_slide_last_edited=\u00bbon|phone\u00bb arrows_position_tablet=\u00bboutside\u00bb arrows_position_phone=\u00bboutside\u00bb arrows_position_last_edited=\u00bbon|desktop\u00bb _builder_version=\u00bb4.27.0&#8243; _module_preset=\u00bbdefault\u00bb title_level=\u00bbh3&#8243; title_text_color=\u00bb#FFFFFF\u00bb title_font_size=\u00bb22px\u00bb title_line_height=\u00bb1.3em\u00bb body_text_color=\u00bb#FFFFFF\u00bb custom_read_more=\u00bbon\u00bb read_more_text_color=\u00bb#FFFFFF\u00bb read_more_bg_color=\u00bbRGBA(255,255,255,0)\u00bb read_more_use_icon=\u00bboff\u00bb read_more_custom_padding=\u00bb0px|10px|0px|10px|true|true\u00bb custom_padding=\u00bb||||false|false\u00bb hover_enabled=\u00bb0&#8243; global_colors_info=\u00bb{}\u00bb read_more_text_color__hover_enabled=\u00bbon|hover\u00bb read_more_text_color__hover=\u00bb#FFFFFF\u00bb ignore_sticky_posts=\u00bbon\u00bb read_more_text=\u00bbIr \u00bb sticky_enabled=\u00bb0&#8243; read_more_text_size=\u00bb16px\u00bb read_more_font=\u00bb|||on|||||\u00bb read_more_border_radius=\u00bb6px\u00bb read_more_alignment=\u00bbcenter\u00bb][\/dipl_blog_slider][\/et_pb_column][\/et_pb_row][\/et_pb_section]<\/p>\n","protected":false},"excerpt":{"rendered":"<div class=\"et_pb_module dipl_blog_slider dipl_blog_slider_0\">\n\t\t\t\t\n\t\t\t\t\n\t\t\t\t\n\t\t\t\t\n\t\t\t\t\n\t\t\t\t\n\t\t\t\t<div class=\"et_pb_module_inner\">\n\t\t\t\t\t<div class=\"dipl_swiper_wrapper\"><div class=\"dipl_blog_slider_container dipl_swiper_inner_wrap layout3\"><div class=\"swiper-container\"><div class=\"swiper-wrapper\"><div class=\"dipl_blog_post_slide swiper-slide\"><article id=\"post-1157\" class=\"dipl_blog_slider_post post-1157 post type-post status-publish format-standard hentry category-actualidad\" ><div class=\"dipl_blog_slider_image_wrapper\"><a href=\"https:\/\/abialegal.com\/en\/sobre-la-posibilidad-de-inscribir-estatutariamente-la-obligacion-de-cumplir-un-protocolo-familiar-como-prestacion-accesoria\/\" class=\"dipl_blog_slider_image_link\"><img width=\"333\" height=\"151\" src=\"https:\/\/abialegal.com\/wp-content\/uploads\/2025\/01\/Imagen-Publicacion-3.jpg\" class=\"dipl_blog_slider_post_image\" alt=\"\" decoding=\"async\" loading=\"lazy\" srcset=\"https:\/\/abialegal.com\/wp-content\/uploads\/2025\/01\/Imagen-Publicacion-3.jpg 333w, https:\/\/abialegal.com\/wp-content\/uploads\/2025\/01\/Imagen-Publicacion-3-300x136.jpg 300w, https:\/\/abialegal.com\/wp-content\/uploads\/2025\/01\/Imagen-Publicacion-3-18x8.jpg 18w\" sizes=\"(max-width: 333px) 100vw, 333px\" \/><\/a><\/div> <!-- dipl_blog_slider_image_wrapper --><div class=\"dipl_blog_slider_content_wrapper\"><h3 class=\"dipl_blog_slider_post_title\"><a href=\"https:\/\/abialegal.com\/en\/sobre-la-posibilidad-de-inscribir-estatutariamente-la-obligacion-de-cumplir-un-protocolo-familiar-como-prestacion-accesoria\/\">Sobre la posibilidad de inscribir estatutariamente la obligaci\u00f3n de cumplir un protocolo familiar como prestaci\u00f3n accesoria<\/a><\/h3><div class=\"dipl_blog_slider_content\"><p>Se trata de la Resoluci\u00f3n de la Direcci\u00f3n General de Seguridad Jur\u00eddica y Fe P\u00fablica (la...<\/p>\n<\/div><div class=\"dipl_blog_slider_read_more_link\"><a class=\"et_pb_button\" href=\"https:\/\/abialegal.com\/en\/sobre-la-posibilidad-de-inscribir-estatutariamente-la-obligacion-de-cumplir-un-protocolo-familiar-como-prestacion-accesoria\/\">Ir <\/a><\/div><\/div> <!-- dipl_blog_slider_content_wrapper --><\/article><\/div><div class=\"dipl_blog_post_slide swiper-slide\"><article id=\"post-1109\" class=\"dipl_blog_slider_post post-1109 post type-post status-publish format-standard has-post-thumbnail hentry category-actualidad\" ><div class=\"dipl_blog_slider_image_wrapper\"><a href=\"https:\/\/abialegal.com\/en\/sobre-el-nombramiento-de-auditor-voluntario-por-parte-de-la-sociedad\/\" class=\"dipl_blog_slider_image_link\"><img width=\"900\" height=\"600\" src=\"https:\/\/abialegal.com\/wp-content\/uploads\/2024\/09\/Sobre-el-nombramiento-de-auditor-voluntario-por-parte-de-la-sociedad.webp\" class=\"dipl_blog_slider_post_image wp-post-image\" alt=\"Sobre el nombramiento de auditor voluntario por parte de la sociedad\" decoding=\"async\" loading=\"lazy\" srcset=\"https:\/\/abialegal.com\/wp-content\/uploads\/2024\/09\/Sobre-el-nombramiento-de-auditor-voluntario-por-parte-de-la-sociedad.webp 900w, https:\/\/abialegal.com\/wp-content\/uploads\/2024\/09\/Sobre-el-nombramiento-de-auditor-voluntario-por-parte-de-la-sociedad-480x320.webp 480w\" sizes=\"(min-width: 0px) and (max-width: 480px) 480px, (min-width: 481px) 900px, 100vw\" \/><\/a><\/div> <!-- dipl_blog_slider_image_wrapper --><div class=\"dipl_blog_slider_content_wrapper\"><h3 class=\"dipl_blog_slider_post_title\"><a href=\"https:\/\/abialegal.com\/en\/sobre-el-nombramiento-de-auditor-voluntario-por-parte-de-la-sociedad\/\">About the voluntary appointment of an auditor by the company.<\/a><\/h3><div class=\"dipl_blog_slider_content\"><p>Se trata de la Resoluci\u00f3n de la Direcci\u00f3n General de Seguridad Jur\u00eddica y Fe P\u00fablica de fecha...<\/p>\n<\/div><div class=\"dipl_blog_slider_read_more_link\"><a class=\"et_pb_button\" href=\"https:\/\/abialegal.com\/en\/sobre-el-nombramiento-de-auditor-voluntario-por-parte-de-la-sociedad\/\">Ir <\/a><\/div><\/div> <!-- dipl_blog_slider_content_wrapper --><\/article><\/div><div class=\"dipl_blog_post_slide swiper-slide\"><article id=\"post-1\" class=\"dipl_blog_slider_post post-1 post type-post status-publish format-standard has-post-thumbnail hentry category-actualidad\" ><div class=\"dipl_blog_slider_image_wrapper\"><a href=\"https:\/\/abialegal.com\/en\/hello-world\/\" class=\"dipl_blog_slider_image_link\"><img width=\"1000\" height=\"675\" src=\"https:\/\/abialegal.com\/wp-content\/uploads\/2024\/04\/Bienvenidos-a-la-nueva-web-de-Abia-Legal.webp\" class=\"dipl_blog_slider_post_image wp-post-image\" alt=\"\" decoding=\"async\" loading=\"lazy\" srcset=\"https:\/\/abialegal.com\/wp-content\/uploads\/2024\/04\/Bienvenidos-a-la-nueva-web-de-Abia-Legal.webp 1000w, https:\/\/abialegal.com\/wp-content\/uploads\/2024\/04\/Bienvenidos-a-la-nueva-web-de-Abia-Legal-980x662.webp 980w, https:\/\/abialegal.com\/wp-content\/uploads\/2024\/04\/Bienvenidos-a-la-nueva-web-de-Abia-Legal-480x324.webp 480w\" sizes=\"(min-width: 0px) and (max-width: 480px) 480px, (min-width: 481px) and (max-width: 980px) 980px, (min-width: 981px) 1000px, 100vw\" \/><\/a><\/div> <!-- dipl_blog_slider_image_wrapper --><div class=\"dipl_blog_slider_content_wrapper\"><h3 class=\"dipl_blog_slider_post_title\"><a href=\"https:\/\/abialegal.com\/en\/hello-world\/\">Welcome to the News Area of the Abia Legal website<\/a><\/h3><div class=\"dipl_blog_slider_content\"><p>En esta secci\u00f3n comentaremos asuntos de actualidad jur\u00eddica y de inter\u00e9s en el \u00e1mbito del...<\/p>\n<\/div><div class=\"dipl_blog_slider_read_more_link\"><a class=\"et_pb_button\" href=\"https:\/\/abialegal.com\/en\/hello-world\/\">Ir <\/a><\/div><\/div> <!-- dipl_blog_slider_content_wrapper --><\/article><\/div><\/div> <!-- swiper-wrapper --><\/div> <!-- swiper-container --><div class=\"dipl_swiper_navigation\" data-arrows_desktop=\"outside\"><div class=\"swiper-button-next\" data-next_slide_arrow=\"&#xf105;\"><\/div> <div class=\"swiper-button-prev\" data-previous_slide_arrow=\"&#xf104;\"><\/div><\/div><\/div> <!-- dipl_blog_slider_container --><div class=\"dipl_swiper_pagination\"><div class=\"swiper-pagination solid_dot\"><\/div><\/div><\/div> <!-- dipl_swiper_wrapper --><script type=\"text\/javascript\">jQuery(function($) {var dipl_blog_slider_0_swiper = new Swiper('.dipl_blog_slider_0 .swiper-container', {\n                            slidesPerView: 3,\n                            autoplay: {\n                                delay:3000,\n                                disableOnInteraction: false,\n                            },\n                            spaceBetween: 50,\n                            slidesPerGroup: 1,\n                            slidesPerGroupSkip: 2,\n                            effect: \"coverflow\",\n                            cubeEffect: false,\n                            coverflowEffect: {\n                            rotate: 40,\n                            stretch: 0,\n                            depth: 100,\n                            modifier: 1,\n                            slideShadows : false,\n                        },\n                            fadeEffect: false,\n                            speed: 1000,\n                            loop: true,\n                            pagination: {\n                        el: '.dipl_blog_slider_0 .swiper-pagination',\n                        dynamicBullets: true,\n                        clickable: true,\n                    },\n                            navigation: {    \n                            nextEl: '.dipl_blog_slider_0 .swiper-button-next',\n                            prevEl: '.dipl_blog_slider_0 .swiper-button-prev',\n                    },\n                            autoHeight: true,\n                            grabCursor: 'true',\n                            observer: true,\n\t\t\t\t\t\t\tobserveParents: true,\n                            breakpoints: {\n                            \t981: {\n\t\t                          \tslidesPerView: 3,\n\t\t                          \tspaceBetween: 50,\n                            \t\tslidesPerGroup: 1,\n                            \t\tslidesPerGroupSkip: 2,\n\t\t                        },\n\t\t                        768: {\n\t\t                          \tslidesPerView: 1,\n\t\t                          \tspaceBetween: 50,\n\t\t                          \tslidesPerGroup: 1,\n                            \t\tslidesPerGroupSkip: 0,\n\t\t                        },\n\t\t                        0: {\n\t\t                          \tslidesPerView: 1,\n\t\t                          \tspaceBetween: 50,\n\t\t                          \tslidesPerGroup: 1,\n                            \t\tslidesPerGroupSkip: 0,\n\t\t                        }\n\t\t                    },\n                    });});<\/script>\n\t\t\t\t<\/div>\n\t\t\t<\/div>","protected":false},"author":2,"featured_media":0,"parent":0,"menu_order":0,"comment_status":"closed","ping_status":"closed","template":"","meta":{"_et_pb_use_builder":"on","_et_pb_old_content":"","_et_gb_content_width":"","footnotes":""},"class_list":["post-1027","page","type-page","status-publish","hentry"],"_links":{"self":[{"href":"https:\/\/abialegal.com\/en\/wp-json\/wp\/v2\/pages\/1027","targetHints":{"allow":["GET"]}}],"collection":[{"href":"https:\/\/abialegal.com\/en\/wp-json\/wp\/v2\/pages"}],"about":[{"href":"https:\/\/abialegal.com\/en\/wp-json\/wp\/v2\/types\/page"}],"author":[{"embeddable":true,"href":"https:\/\/abialegal.com\/en\/wp-json\/wp\/v2\/users\/2"}],"replies":[{"embeddable":true,"href":"https:\/\/abialegal.com\/en\/wp-json\/wp\/v2\/comments?post=1027"}],"version-history":[{"count":2,"href":"https:\/\/abialegal.com\/en\/wp-json\/wp\/v2\/pages\/1027\/revisions"}],"predecessor-version":[{"id":1030,"href":"https:\/\/abialegal.com\/en\/wp-json\/wp\/v2\/pages\/1027\/revisions\/1030"}],"wp:attachment":[{"href":"https:\/\/abialegal.com\/en\/wp-json\/wp\/v2\/media?parent=1027"}],"curies":[{"name":"wp","href":"https:\/\/api.w.org\/{rel}","templated":true}]}}