{"id":1009,"date":"2024-09-05T11:14:03","date_gmt":"2024-09-05T11:14:03","guid":{"rendered":"https:\/\/abialegal.com\/?page_id=1009"},"modified":"2024-11-12T11:49:50","modified_gmt":"2024-11-12T11:49:50","slug":"cookies","status":"publish","type":"page","link":"https:\/\/abialegal.com\/en\/cookies\/","title":{"rendered":"Cookies"},"content":{"rendered":"\n<h1 class=\"wp-block-heading\">Pol\u00edtica de Cookies \u2013 Abia Legal<\/h1>\n\n\n\n<p><strong>Introducci\u00f3n<\/strong><\/p>\n\n\n\n<p>En ABIA Legal (en adelante, \u00abABIA\u00bb o \u00abnosotros\u00bb) utilizamos cookies en nuestro sitio web&nbsp;<a href=\"http:\/\/abigal.com\/\" target=\"_blank\" rel=\"noreferrer noopener\">http:\/\/abialegal.com\/<\/a>&nbsp;(en adelante, el \u00abSitio Web\u00bb). Las cookies son peque\u00f1os archivos de texto que se almacenan en tu ordenador o dispositivo m\u00f3vil cuando visitas nuestro Sitio Web.<\/p>\n\n\n\n<p><strong>\u00bfQu\u00e9 tipo de cookies utilizamos?<\/strong><\/p>\n\n\n\n<p>Utilizamos dos tipos de cookies:<\/p>\n\n\n\n<ul class=\"wp-block-list\">\n<li><strong>Cookies propias:<\/strong>\u00a0Son aquellas que gestionamos directamente nosotros y que nos permiten conocer la actividad del usuario en el Sitio Web y mejorar su experiencia.<\/li>\n\n\n\n<li><strong>Cookies de terceros:<\/strong>\u00a0Son aquellas que gestionan otros terceros, como Google Analytics o WhatsApp, y nos permiten obtener informaci\u00f3n estad\u00edstica sobre el uso del Sitio Web y ofrecer al usuario servicios personalizados, como chat online.<\/li>\n<\/ul>\n\n\n\n<p><strong>\u00bfQu\u00e9 cookies utilizamos en ABIA Legal?<\/strong><\/p>\n\n\n\n<p>A continuaci\u00f3n, te detallamos las cookies que utilizamos en ABIA Legal y su finalidad:<\/p>\n\n\n\n<p><strong>Cookies necesarias:<\/strong><\/p>\n\n\n\n<ul class=\"wp-block-list\">\n<li><strong>Nombre:<\/strong>\u00a0PHPSESSID<\/li>\n\n\n\n<li><strong>Descripci\u00f3n:<\/strong>\u00a0Esta cookie es nativa de PHP y permite que las sesiones de usuario se guarden en el servidor web. Es esencial para el funcionamiento del sitio web.<\/li>\n\n\n\n<li><strong>Duraci\u00f3n:<\/strong>\u00a0Hasta que se cierre el navegador<\/li>\n<\/ul>\n\n\n\n<p><strong>Cookies de an\u00e1lisis:<\/strong><\/p>\n\n\n\n<ul class=\"wp-block-list\">\n<li><strong>Nombre:<\/strong>\u00a0_ga<\/li>\n\n\n\n<li><strong>Descripci\u00f3n:<\/strong>\u00a0Esta cookie es utilizada por Google Analytics para distinguir a los usuarios.<\/li>\n\n\n\n<li><strong>Duraci\u00f3n:<\/strong>\u00a02 a\u00f1os<\/li>\n\n\n\n<li><strong>Nombre:<\/strong>\u00a0_gat<\/li>\n\n\n\n<li><strong>Descripci\u00f3n:<\/strong>\u00a0Esta cookie es utilizada por Google Analytics para ralentizar la tasa de solicitud.<\/li>\n\n\n\n<li><strong>Duraci\u00f3n:<\/strong>\u00a01 minuto<\/li>\n\n\n\n<li><strong>Nombre:<\/strong>\u00a0_gid<\/li>\n\n\n\n<li><strong>Descripci\u00f3n:<\/strong>\u00a0Esta cookie es utilizada por Google Analytics para distinguir a los usuarios.<\/li>\n\n\n\n<li><strong>Duraci\u00f3n:<\/strong>\u00a024 horas<\/li>\n<\/ul>\n\n\n\n<p><strong>Cookies de preferencias:<\/strong><\/p>\n\n\n\n<ul class=\"wp-block-list\">\n<li><strong>Nombre:<\/strong>\u00a0wp-settings-time-1<\/li>\n\n\n\n<li><strong>Descripci\u00f3n:<\/strong>\u00a0Esta cookie almacena la configuraci\u00f3n de visualizaci\u00f3n de la pantalla del usuario y se utiliza cuando se vuelve a visitar el sitio web.<\/li>\n\n\n\n<li><strong>Duraci\u00f3n:<\/strong>\u00a01 a\u00f1o<\/li>\n\n\n\n<li><strong>Nombre:<\/strong>\u00a0wp-settings-1<\/li>\n\n\n\n<li><strong>Descripci\u00f3n:<\/strong>\u00a0Esta cookie almacena la configuraci\u00f3n de visualizaci\u00f3n de la pantalla del usuario y se utiliza cuando se vuelve a visitar el sitio web.<\/li>\n\n\n\n<li><strong>Duraci\u00f3n:<\/strong>\u00a01 a\u00f1o<\/li>\n<\/ul>\n\n\n\n<p><strong>Cookies de chat de WhatsApp:<\/strong><\/p>\n\n\n\n<ul class=\"wp-block-list\">\n<li><strong>Nombre:<\/strong>\u00a0_fb_page_fb_pixel_id<\/li>\n\n\n\n<li><strong>Descripci\u00f3n:<\/strong>\u00a0Esta cookie se utiliza para el chat de WhatsApp.<\/li>\n\n\n\n<li><strong>Duraci\u00f3n:<\/strong>\u00a03 meses<\/li>\n\n\n\n<li><strong>Nombre:<\/strong>\u00a0_fb_page_fb_pixel_data<\/li>\n\n\n\n<li><strong>Descripci\u00f3n:<\/strong>\u00a0Esta cookie se utiliza para el chat de WhatsApp.<\/li>\n\n\n\n<li><strong>Duraci\u00f3n:<\/strong>\u00a03 meses<\/li>\n<\/ul>\n\n\n\n<p><strong>\u00bfC\u00f3mo gestionar las cookies?<\/strong><\/p>\n\n\n\n<p>Puedes configurar tu navegador para que acepte, rechace o bloquee todas o algunas de las cookies. Para ello, deber\u00e1s consultar las instrucciones de tu navegador.<\/p>\n\n\n\n<p>Ten en cuenta que si bloqueas las cookies necesarias, es posible que no puedas utilizar algunas de las funciones del Sitio Web.<\/p>\n\n\n\n<p><strong>M\u00e1s informaci\u00f3n<\/strong><\/p>\n\n\n\n<p>Para m\u00e1s informaci\u00f3n sobre las cookies, puedes consultar la siguiente informaci\u00f3n:<\/p>\n\n\n\n<ul class=\"wp-block-list\">\n<li>Agencia Espa\u00f1ola de Protecci\u00f3n de Datos [se quit\u00f3 una URL no v\u00e1lida]<\/li>\n\n\n\n<li>Google Analytics<\/li>\n\n\n\n<li><a href=\"https:\/\/www.whatsapp.com\/legal\/cookies?lang=es\" target=\"_blank\" rel=\"noreferrer noopener\">WhatsApp<\/a><\/li>\n<\/ul>\n\n\n\n<p><strong>Actualizaciones de la pol\u00edtica de cookies<\/strong><\/p>\n\n\n\n<p>Esta pol\u00edtica de cookies puede ser modificada en cualquier momento. Te recomendamos que revises esta pol\u00edtica peri\u00f3dicamente para estar informado de las \u00faltimas modificaciones.<\/p>\n\n\n\n<p><strong>Contacto<\/strong><\/p>\n\n\n\n<p>Si tienes alguna duda sobre esta pol\u00edtica de cookies, puedes ponerte en contacto con nosotros a trav\u00e9s de la siguiente direcci\u00f3n de correo electr\u00f3nico: info@abialegal.com&nbsp;<\/p>\n","protected":false},"excerpt":{"rendered":"<p>Pol\u00edtica de Cookies \u2013 Abia Legal Introducci\u00f3n En ABIA Legal (en adelante, \u00abABIA\u00bb o \u00abnosotros\u00bb) utilizamos cookies en nuestro sitio web&nbsp;http:\/\/abialegal.com\/&nbsp;(en adelante, el \u00abSitio Web\u00bb). Las cookies son peque\u00f1os archivos de texto que se almacenan en tu ordenador o dispositivo m\u00f3vil cuando visitas nuestro Sitio Web. \u00bfQu\u00e9 tipo de cookies utilizamos? Utilizamos dos tipos de [&hellip;]<\/p>\n","protected":false},"author":2,"featured_media":0,"parent":0,"menu_order":0,"comment_status":"closed","ping_status":"closed","template":"","meta":{"_et_pb_use_builder":"off","_et_pb_old_content":"","_et_gb_content_width":"1080","footnotes":""},"class_list":["post-1009","page","type-page","status-publish","hentry"],"_links":{"self":[{"href":"https:\/\/abialegal.com\/en\/wp-json\/wp\/v2\/pages\/1009","targetHints":{"allow":["GET"]}}],"collection":[{"href":"https:\/\/abialegal.com\/en\/wp-json\/wp\/v2\/pages"}],"about":[{"href":"https:\/\/abialegal.com\/en\/wp-json\/wp\/v2\/types\/page"}],"author":[{"embeddable":true,"href":"https:\/\/abialegal.com\/en\/wp-json\/wp\/v2\/users\/2"}],"replies":[{"embeddable":true,"href":"https:\/\/abialegal.com\/en\/wp-json\/wp\/v2\/comments?post=1009"}],"version-history":[{"count":2,"href":"https:\/\/abialegal.com\/en\/wp-json\/wp\/v2\/pages\/1009\/revisions"}],"predecessor-version":[{"id":1155,"href":"https:\/\/abialegal.com\/en\/wp-json\/wp\/v2\/pages\/1009\/revisions\/1155"}],"wp:attachment":[{"href":"https:\/\/abialegal.com\/en\/wp-json\/wp\/v2\/media?parent=1009"}],"curies":[{"name":"wp","href":"https:\/\/api.w.org\/{rel}","templated":true}]}}